{"id":2250,"date":"2021-10-04T19:49:57","date_gmt":"2021-10-04T19:49:57","guid":{"rendered":"http:\/\/corina-roth.de\/?page_id=2250"},"modified":"2024-01-29T15:20:24","modified_gmt":"2024-01-29T15:20:24","slug":"slacklinen","status":"publish","type":"page","link":"https:\/\/corina-roth.de\/?page_id=2250","title":{"rendered":"Slacklinen"},"content":{"rendered":"\n<h3>mit Freude in Balance sein<\/h3>\n\n\n\n<p>Auf der Slackline wirds wackelig. Aber nur so lange, bis wir unsere ruhende Mitte gefunden haben. Dann ruht die Line.<\/p>\n\n\n\n<p>Neben der k\u00f6rperlichen Ausgeglichenheit und K\u00f6rperspannung, welche beim Slacklinen ganz besonders ge\u00fcbt werden, finden wir auch auf seelischer Ebene zu mehr Balance. Fokusiert auf den Moment, \u00e4hnlich wie beim Klettern, ruht der Geist und die innere Mitte kann gefunden werden. Gleichzeitig geht mit der Slackline eine gro\u00dfe Freude einher. Z\u00fcgig sind Fortschritte zu erkennen und das eigene K\u00f6rpergesp\u00fcr wird gest\u00e4rkt.<\/p>\n\n\n\n<p>Vor allem auch f\u00fcr Teambuilding und Gemeinschaftsentwicklung bietet das Slacklinen eine sch\u00f6ne Basis. <\/p>\n\n\n\n<p><\/p>\n\n\n\n<p>\u2022 <strong>In Balance sein<\/strong> &#8211; Einzelstunden (hier gehen wir speziell auf Deine Themen ein, sodass Du Dich ausgehend von Deiner K\u00f6rperbalance auch zunehmend seelisch in Deiner Mitte wiederfindest) <\/p>\n\n\n\n<p>\u2022 <strong>Gemeinschaftlich stark<\/strong> &#8211; Teambuilding (Ihr sucht einen lustigen Teamausflug oder m\u00f6chtet Euch im Team zwischenmenschlich und sozial weiterbilden, dann seid Ihr mit dem Slacklinen als erlebnisp\u00e4dagogische Einheit genau richtig)<\/p>\n\n\n\n<figure class=\"wp-block-image\"><img decoding=\"async\" loading=\"lazy\" width=\"576\" height=\"1024\" src=\"http:\/\/corina-roth.de\/wp-content\/uploads\/2022\/02\/Screenshot_20210906-175035_Video-Player-01-576x1024.jpeg\" alt=\"\" class=\"wp-image-2900\" srcset=\"https:\/\/corina-roth.de\/wp-content\/uploads\/2022\/02\/Screenshot_20210906-175035_Video-Player-01-576x1024.jpeg 576w, https:\/\/corina-roth.de\/wp-content\/uploads\/2022\/02\/Screenshot_20210906-175035_Video-Player-01-169x300.jpeg 169w, https:\/\/corina-roth.de\/wp-content\/uploads\/2022\/02\/Screenshot_20210906-175035_Video-Player-01-700x1244.jpeg 700w, https:\/\/corina-roth.de\/wp-content\/uploads\/2022\/02\/Screenshot_20210906-175035_Video-Player-01-225x400.jpeg 225w, https:\/\/corina-roth.de\/wp-content\/uploads\/2022\/02\/Screenshot_20210906-175035_Video-Player-01.jpeg 720w\" sizes=\"(max-width: 576px) 100vw, 576px\" \/><\/figure>\n\n\n\n<figure class=\"wp-block-image\"><img decoding=\"async\" loading=\"lazy\" width=\"576\" height=\"1024\" src=\"http:\/\/corina-roth.de\/wp-content\/uploads\/2022\/02\/Screenshot_20210906-175117_Video-Player-01-576x1024.jpeg\" alt=\"\" class=\"wp-image-2901\" srcset=\"https:\/\/corina-roth.de\/wp-content\/uploads\/2022\/02\/Screenshot_20210906-175117_Video-Player-01-576x1024.jpeg 576w, https:\/\/corina-roth.de\/wp-content\/uploads\/2022\/02\/Screenshot_20210906-175117_Video-Player-01-169x300.jpeg 169w, https:\/\/corina-roth.de\/wp-content\/uploads\/2022\/02\/Screenshot_20210906-175117_Video-Player-01-700x1244.jpeg 700w, https:\/\/corina-roth.de\/wp-content\/uploads\/2022\/02\/Screenshot_20210906-175117_Video-Player-01-225x400.jpeg 225w, https:\/\/corina-roth.de\/wp-content\/uploads\/2022\/02\/Screenshot_20210906-175117_Video-Player-01.jpeg 720w\" sizes=\"(max-width: 576px) 100vw, 576px\" \/><\/figure>\n\n\n\n<figure class=\"wp-block-image\"><img decoding=\"async\" loading=\"lazy\" width=\"800\" height=\"183\" src=\"http:\/\/corina-roth.de\/wp-content\/uploads\/2023\/01\/bsfvb-logo-800x183px-transp-6.png\" alt=\"\" class=\"wp-image-2951\" srcset=\"https:\/\/corina-roth.de\/wp-content\/uploads\/2023\/01\/bsfvb-logo-800x183px-transp-6.png 800w, https:\/\/corina-roth.de\/wp-content\/uploads\/2023\/01\/bsfvb-logo-800x183px-transp-6-300x69.png 300w, https:\/\/corina-roth.de\/wp-content\/uploads\/2023\/01\/bsfvb-logo-800x183px-transp-6-768x176.png 768w, https:\/\/corina-roth.de\/wp-content\/uploads\/2023\/01\/bsfvb-logo-800x183px-transp-6-700x160.png 700w\" sizes=\"(max-width: 800px) 100vw, 800px\" \/><\/figure>\n","protected":false},"excerpt":{"rendered":"<p>mit Freude in Balance sein Auf der Slackline wirds wackelig. Aber nur so lange, bis wir unsere ruhende Mitte gefunden haben. Dann ruht die Line. Neben der k\u00f6rperlichen Ausgeglichenheit und K\u00f6rperspannung, welche beim Slacklinen ganz besonders ge\u00fcbt werden, finden wir auch auf seelischer Ebene zu mehr Balance. Fokusiert auf den Moment, \u00e4hnlich wie beim Klettern, &hellip; <a href=\"https:\/\/corina-roth.de\/?page_id=2250\" class=\"more-link\"><span class=\"screen-reader-text\">Slacklinen<\/span> weiterlesen <span class=\"meta-nav\">&rarr;<\/span><\/a><\/p>\n","protected":false},"author":1,"featured_media":2252,"parent":0,"menu_order":0,"comment_status":"closed","ping_status":"closed","template":"","meta":[],"_links":{"self":[{"href":"https:\/\/corina-roth.de\/index.php?rest_route=\/wp\/v2\/pages\/2250"}],"collection":[{"href":"https:\/\/corina-roth.de\/index.php?rest_route=\/wp\/v2\/pages"}],"about":[{"href":"https:\/\/corina-roth.de\/index.php?rest_route=\/wp\/v2\/types\/page"}],"author":[{"embeddable":true,"href":"https:\/\/corina-roth.de\/index.php?rest_route=\/wp\/v2\/users\/1"}],"replies":[{"embeddable":true,"href":"https:\/\/corina-roth.de\/index.php?rest_route=%2Fwp%2Fv2%2Fcomments&post=2250"}],"version-history":[{"count":12,"href":"https:\/\/corina-roth.de\/index.php?rest_route=\/wp\/v2\/pages\/2250\/revisions"}],"predecessor-version":[{"id":3139,"href":"https:\/\/corina-roth.de\/index.php?rest_route=\/wp\/v2\/pages\/2250\/revisions\/3139"}],"wp:featuredmedia":[{"embeddable":true,"href":"https:\/\/corina-roth.de\/index.php?rest_route=\/wp\/v2\/media\/2252"}],"wp:attachment":[{"href":"https:\/\/corina-roth.de\/index.php?rest_route=%2Fwp%2Fv2%2Fmedia&parent=2250"}],"curies":[{"name":"wp","href":"https:\/\/api.w.org\/{rel}","templated":true}]}}