{"id":30,"date":"2019-03-13T21:44:52","date_gmt":"2019-03-13T21:44:52","guid":{"rendered":"http:\/\/corina-roth.de\/?page_id=30"},"modified":"2023-09-11T19:43:03","modified_gmt":"2023-09-11T19:43:03","slug":"impressum","status":"publish","type":"page","link":"https:\/\/corina-roth.de\/?page_id=30","title":{"rendered":"Impressum"},"content":{"rendered":"\n<p><br> Corina Roth<br> gepr\u00fcfte Bergwanderf\u00fchrerin, Naturp\u00e4dagogin, Waldorferzieherin und Trainer C Sportklettern Breitensport (DAV)<\/p>\n\n\n\n<p><br>Reichsstr. 68, 6800 Feldkirch <\/p>\n\n\n\n<p>Kontakt<br>E-Mail: contact@corina-roth.de<\/p>\n\n\n\n<p><br>Angaben zur Berufshaftpflichtversicherung<br>Name und Sitz des Versicherers:<br>Bergsportf\u00fchrerverband Tirol, Mentlgasse 2, A-6020 Innsbruck<br>Geltungsraum der Versicherung:<br>weltweit.<\/p>\n\n\n\n<p><br>Streitschlichtung<br>Die Europ\u00e4ische Kommission stellt eine Plattform zur Online-Streitbeilegung (OS) bereit:<br> https:\/\/ec.europa.eu\/consumers\/odr.<br> Unsere E-Mail-Adresse finden Sie oben im Impressum.<br> Wir sind nicht bereit oder verpflichtet, an Streitbeilegungsverfahren vor einer  Verbraucherschlichtungsstelle teilzunehmen.<\/p>\n\n\n\n<p><\/p>\n\n\n\n<p>Quelle:<br>\nhttps:\/\/www.e-recht24.de\/impressum-generator.html<\/p>\n","protected":false},"excerpt":{"rendered":"<p>Corina Roth gepr\u00fcfte Bergwanderf\u00fchrerin, Naturp\u00e4dagogin, Waldorferzieherin und Trainer C Sportklettern Breitensport (DAV) Reichsstr. 68, 6800 Feldkirch KontaktE-Mail: contact@corina-roth.de Angaben zur BerufshaftpflichtversicherungName und Sitz des Versicherers:Bergsportf\u00fchrerverband Tirol, Mentlgasse 2, A-6020 InnsbruckGeltungsraum der Versicherung:weltweit. StreitschlichtungDie Europ\u00e4ische Kommission stellt eine Plattform zur Online-Streitbeilegung (OS) bereit: https:\/\/ec.europa.eu\/consumers\/odr. Unsere E-Mail-Adresse finden Sie oben im Impressum. Wir sind nicht bereit oder &hellip; <a href=\"https:\/\/corina-roth.de\/?page_id=30\" class=\"more-link\"><span class=\"screen-reader-text\">Impressum<\/span> weiterlesen <span class=\"meta-nav\">&rarr;<\/span><\/a><\/p>\n","protected":false},"author":1,"featured_media":0,"parent":0,"menu_order":0,"comment_status":"closed","ping_status":"closed","template":"","meta":[],"_links":{"self":[{"href":"https:\/\/corina-roth.de\/index.php?rest_route=\/wp\/v2\/pages\/30"}],"collection":[{"href":"https:\/\/corina-roth.de\/index.php?rest_route=\/wp\/v2\/pages"}],"about":[{"href":"https:\/\/corina-roth.de\/index.php?rest_route=\/wp\/v2\/types\/page"}],"author":[{"embeddable":true,"href":"https:\/\/corina-roth.de\/index.php?rest_route=\/wp\/v2\/users\/1"}],"replies":[{"embeddable":true,"href":"https:\/\/corina-roth.de\/index.php?rest_route=%2Fwp%2Fv2%2Fcomments&post=30"}],"version-history":[{"count":9,"href":"https:\/\/corina-roth.de\/index.php?rest_route=\/wp\/v2\/pages\/30\/revisions"}],"predecessor-version":[{"id":3051,"href":"https:\/\/corina-roth.de\/index.php?rest_route=\/wp\/v2\/pages\/30\/revisions\/3051"}],"wp:attachment":[{"href":"https:\/\/corina-roth.de\/index.php?rest_route=%2Fwp%2Fv2%2Fmedia&parent=30"}],"curies":[{"name":"wp","href":"https:\/\/api.w.org\/{rel}","templated":true}]}}