{"id":3172,"date":"2024-12-30T11:14:03","date_gmt":"2024-12-30T11:14:03","guid":{"rendered":"https:\/\/corina-roth.de\/?page_id=3172"},"modified":"2025-01-07T20:17:20","modified_gmt":"2025-01-07T20:17:20","slug":"schneeschuhtouren","status":"publish","type":"page","link":"https:\/\/corina-roth.de\/?page_id=3172","title":{"rendered":"Schneeschuhwandern"},"content":{"rendered":"<div class=\"wp-block-image\">\n<figure class=\"aligncenter size-large is-resized\"><img decoding=\"async\" loading=\"lazy\" src=\"https:\/\/corina-roth.de\/wp-content\/uploads\/2024\/12\/20241227_133417-01-768x1024.jpeg\" alt=\"\" class=\"wp-image-3174\" width=\"277\" height=\"368\" srcset=\"https:\/\/corina-roth.de\/wp-content\/uploads\/2024\/12\/20241227_133417-01-768x1024.jpeg 768w, https:\/\/corina-roth.de\/wp-content\/uploads\/2024\/12\/20241227_133417-01-225x300.jpeg 225w, https:\/\/corina-roth.de\/wp-content\/uploads\/2024\/12\/20241227_133417-01-1152x1536.jpeg 1152w, https:\/\/corina-roth.de\/wp-content\/uploads\/2024\/12\/20241227_133417-01-1536x2048.jpeg 1536w, https:\/\/corina-roth.de\/wp-content\/uploads\/2024\/12\/20241227_133417-01-700x933.jpeg 700w, https:\/\/corina-roth.de\/wp-content\/uploads\/2024\/12\/20241227_133417-01-2000x2667.jpeg 2000w, https:\/\/corina-roth.de\/wp-content\/uploads\/2024\/12\/20241227_133417-01-300x400.jpeg 300w, https:\/\/corina-roth.de\/wp-content\/uploads\/2024\/12\/20241227_133417-01-scaled.jpeg 1920w\" sizes=\"(max-width: 277px) 100vw, 277px\" \/><\/figure><\/div>\n\n\n<p>Schneeschuhwandern ist f\u00fcr jedermann eine wunderbare M\u00f6glichkeit, die sch\u00f6nen Wintertage drau\u00dfen zu genie\u00dfen. Durch bezaubernde Winterlandschaften f\u00fchren unsere Touren in der urspr\u00fcnglichsten Art, sich \u00fcber den Schnee zu bewegen &#8211; dem Schneeschuhgehen. Du bist eingeladen, mit mir die Winterwunderwelt zu durchstreifen und dies ganz ohne Vorkenntnisse.<\/p>\n\n\n\n<p><\/p>\n\n\n\n<p><\/p>\n\n\n\n<h2><strong>Touren<\/strong><\/h2>\n\n\n\n<h3>Winter-Bergwald<\/h3>\n\n\n\n<p>Von Tschengla\/B\u00fcrserberg aus sind wir im Waldgebiet unterhalb der Mondspitze unterwegs. Eine wundersch\u00f6ne Sicht auf die Zimba, das &#8222;Matterhorn&#8220; Vorarbergs, begleitet uns. Durch lichte Bergnadelw\u00e4lder mit Tannen- , Fichten- , Kiefern- und L\u00e4rchenbestand wandern wir zu wundersch\u00f6nen aussichtsreichen Pl\u00e4tzen. <\/p>\n\n\n\n<p>3 Routen-Varianten je nach Schneeverh\u00e4ltnisse und Kondition stehen zur Wahl. <\/p>\n\n\n\n<p><\/p>\n\n\n\n<p>Zeit: Tagestour, 3-6h (je nach Variante und Kondition)<\/p>\n\n\n\n<p>Beitrag: 60\u20ac, 35\u20ac ab 2 Teilnehmenden zuz\u00fcgl. Leihgeb\u00fchr f\u00fcr Schneeschuhe<\/p>\n\n\n\n<p>Termine: Dezember bis M\u00e4rz<\/p>\n\n\n\n<p>Anmeldung unter: contact@corina-roth.de<\/p>\n\n\n\n<figure class=\"is-layout-flex wp-block-gallery-1 wp-block-gallery has-nested-images columns-default is-cropped\">\n<figure class=\"wp-block-image size-large\"><img decoding=\"async\" loading=\"lazy\" width=\"1024\" height=\"980\" data-id=\"3178\"  src=\"https:\/\/corina-roth.de\/wp-content\/uploads\/2024\/12\/IMG-20241227-WA0003-02-01-1024x980.jpeg\" alt=\"\" class=\"wp-image-3178\" srcset=\"https:\/\/corina-roth.de\/wp-content\/uploads\/2024\/12\/IMG-20241227-WA0003-02-01-1024x980.jpeg 1024w, https:\/\/corina-roth.de\/wp-content\/uploads\/2024\/12\/IMG-20241227-WA0003-02-01-300x287.jpeg 300w, https:\/\/corina-roth.de\/wp-content\/uploads\/2024\/12\/IMG-20241227-WA0003-02-01-768x735.jpeg 768w, https:\/\/corina-roth.de\/wp-content\/uploads\/2024\/12\/IMG-20241227-WA0003-02-01-700x670.jpeg 700w, https:\/\/corina-roth.de\/wp-content\/uploads\/2024\/12\/IMG-20241227-WA0003-02-01-418x400.jpeg 418w, https:\/\/corina-roth.de\/wp-content\/uploads\/2024\/12\/IMG-20241227-WA0003-02-01.jpeg 1122w\" sizes=\"(max-width: 1024px) 100vw, 1024px\" \/><\/figure>\n\n\n\n<figure class=\"wp-block-image size-large\"><img decoding=\"async\" loading=\"lazy\" width=\"1024\" height=\"662\" data-id=\"3177\"  src=\"https:\/\/corina-roth.de\/wp-content\/uploads\/2024\/12\/20241227_132853-01-01-1024x662.jpeg\" alt=\"\" class=\"wp-image-3177\" srcset=\"https:\/\/corina-roth.de\/wp-content\/uploads\/2024\/12\/20241227_132853-01-01-1024x662.jpeg 1024w, https:\/\/corina-roth.de\/wp-content\/uploads\/2024\/12\/20241227_132853-01-01-300x194.jpeg 300w, https:\/\/corina-roth.de\/wp-content\/uploads\/2024\/12\/20241227_132853-01-01-768x497.jpeg 768w, https:\/\/corina-roth.de\/wp-content\/uploads\/2024\/12\/20241227_132853-01-01-1536x993.jpeg 1536w, https:\/\/corina-roth.de\/wp-content\/uploads\/2024\/12\/20241227_132853-01-01-700x453.jpeg 700w, https:\/\/corina-roth.de\/wp-content\/uploads\/2024\/12\/20241227_132853-01-01-619x400.jpeg 619w, https:\/\/corina-roth.de\/wp-content\/uploads\/2024\/12\/20241227_132853-01-01.jpeg 1735w\" sizes=\"(max-width: 1024px) 100vw, 1024px\" \/><\/figure>\n<\/figure>\n\n\n\n<p><\/p>\n\n\n\n<h3>Rote Wand &#8211; Blick<\/h3>\n\n\n\n<p>Im gro\u00dfen Walsertal wandern wir in wundersch\u00f6ner Schneelandschaft haupts\u00e4chlich \u00fcber freie Grash\u00e4nge und durch kleine Bergw\u00e4lder. <\/p>\n\n\n\n<p>Von Marul aus f\u00fchrt uns unsere Tour in die H\u00f6he mit stets wunderbarem Blick auf die Nordh\u00e4nge des Lechquellengebirges. Der Blick in die Nordseite der imposanten Roten Wand ist besonders sch\u00f6n. <\/p>\n\n\n\n<p>Zeit: Tagestour, 5-6h, gute bis sehr gute Kondition erforderlich<\/p>\n\n\n\n<p>Beitrag: 60\u20ac, 35\u20ac ab 2 Teilnehmenden zuz\u00fcgl. Leihgeb\u00fchr f\u00fcr Schneeschuhe<\/p>\n\n\n\n<p>Termine: Dezember bis M\u00e4rz<\/p>\n\n\n\n<p>Anmeldung unter: contact@corina-roth.de<\/p>\n\n\n\n<p><\/p>\n\n\n<div class=\"wp-block-image\">\n<figure class=\"aligncenter size-large is-resized\"><img decoding=\"async\" loading=\"lazy\" src=\"https:\/\/corina-roth.de\/wp-content\/uploads\/2025\/01\/20250101_151445-01-1024x768.jpeg\" alt=\"\" class=\"wp-image-3212\" width=\"372\" height=\"280\" srcset=\"https:\/\/corina-roth.de\/wp-content\/uploads\/2025\/01\/20250101_151445-01-1024x768.jpeg 1024w, https:\/\/corina-roth.de\/wp-content\/uploads\/2025\/01\/20250101_151445-01-300x225.jpeg 300w, https:\/\/corina-roth.de\/wp-content\/uploads\/2025\/01\/20250101_151445-01-768x576.jpeg 768w, https:\/\/corina-roth.de\/wp-content\/uploads\/2025\/01\/20250101_151445-01-1536x1152.jpeg 1536w, https:\/\/corina-roth.de\/wp-content\/uploads\/2025\/01\/20250101_151445-01-2048x1536.jpeg 2048w, https:\/\/corina-roth.de\/wp-content\/uploads\/2025\/01\/20250101_151445-01-700x525.jpeg 700w, https:\/\/corina-roth.de\/wp-content\/uploads\/2025\/01\/20250101_151445-01-2000x1500.jpeg 2000w, https:\/\/corina-roth.de\/wp-content\/uploads\/2025\/01\/20250101_151445-01-533x400.jpeg 533w\" sizes=\"(max-width: 372px) 100vw, 372px\" \/><\/figure><\/div>\n\n<div class=\"wp-block-image\">\n<figure class=\"aligncenter size-large is-resized\"><img decoding=\"async\" loading=\"lazy\" src=\"https:\/\/corina-roth.de\/wp-content\/uploads\/2025\/01\/20250101_151031-1024x768.jpg\" alt=\"\" class=\"wp-image-3213\" width=\"385\" height=\"289\" srcset=\"https:\/\/corina-roth.de\/wp-content\/uploads\/2025\/01\/20250101_151031-1024x768.jpg 1024w, https:\/\/corina-roth.de\/wp-content\/uploads\/2025\/01\/20250101_151031-300x225.jpg 300w, https:\/\/corina-roth.de\/wp-content\/uploads\/2025\/01\/20250101_151031-768x576.jpg 768w, https:\/\/corina-roth.de\/wp-content\/uploads\/2025\/01\/20250101_151031-1536x1152.jpg 1536w, https:\/\/corina-roth.de\/wp-content\/uploads\/2025\/01\/20250101_151031-2048x1536.jpg 2048w, https:\/\/corina-roth.de\/wp-content\/uploads\/2025\/01\/20250101_151031-700x525.jpg 700w, https:\/\/corina-roth.de\/wp-content\/uploads\/2025\/01\/20250101_151031-2000x1500.jpg 2000w, https:\/\/corina-roth.de\/wp-content\/uploads\/2025\/01\/20250101_151031-533x400.jpg 533w\" sizes=\"(max-width: 385px) 100vw, 385px\" \/><\/figure><\/div>\n\n<div class=\"wp-block-image\">\n<figure class=\"aligncenter size-large is-resized\"><img decoding=\"async\" loading=\"lazy\" src=\"https:\/\/corina-roth.de\/wp-content\/uploads\/2024\/12\/20241228_130452-01-934x1024.jpeg\" alt=\"\" class=\"wp-image-3200\" width=\"268\" height=\"294\" srcset=\"https:\/\/corina-roth.de\/wp-content\/uploads\/2024\/12\/20241228_130452-01-934x1024.jpeg 934w, https:\/\/corina-roth.de\/wp-content\/uploads\/2024\/12\/20241228_130452-01-274x300.jpeg 274w, https:\/\/corina-roth.de\/wp-content\/uploads\/2024\/12\/20241228_130452-01-768x842.jpeg 768w, https:\/\/corina-roth.de\/wp-content\/uploads\/2024\/12\/20241228_130452-01-1400x1536.jpeg 1400w, https:\/\/corina-roth.de\/wp-content\/uploads\/2024\/12\/20241228_130452-01-700x768.jpeg 700w, https:\/\/corina-roth.de\/wp-content\/uploads\/2024\/12\/20241228_130452-01-365x400.jpeg 365w, https:\/\/corina-roth.de\/wp-content\/uploads\/2024\/12\/20241228_130452-01.jpeg 1601w\" sizes=\"(max-width: 268px) 100vw, 268px\" \/><\/figure><\/div>\n\n<div class=\"wp-block-image\">\n<figure class=\"aligncenter size-full is-resized\"><img decoding=\"async\" loading=\"lazy\" src=\"http:\/\/corina-roth.de\/wp-content\/uploads\/2023\/01\/bergwanderfuehrer_logo_Faszination_Bergerleben_Wanderfuehrer_Tirol-5.png\" alt=\"\" class=\"wp-image-2966\" width=\"98\" height=\"115\"\/><\/figure><\/div>\n\n<div class=\"wp-block-image\">\n<figure class=\"aligncenter size-full\"><img decoding=\"async\" loading=\"lazy\" width=\"800\" height=\"183\" src=\"http:\/\/corina-roth.de\/wp-content\/uploads\/2023\/01\/bsfvb-logo-800x183px-transp-7.png\" alt=\"\" class=\"wp-image-2953\" srcset=\"https:\/\/corina-roth.de\/wp-content\/uploads\/2023\/01\/bsfvb-logo-800x183px-transp-7.png 800w, https:\/\/corina-roth.de\/wp-content\/uploads\/2023\/01\/bsfvb-logo-800x183px-transp-7-300x69.png 300w, https:\/\/corina-roth.de\/wp-content\/uploads\/2023\/01\/bsfvb-logo-800x183px-transp-7-768x176.png 768w, https:\/\/corina-roth.de\/wp-content\/uploads\/2023\/01\/bsfvb-logo-800x183px-transp-7-700x160.png 700w\" sizes=\"(max-width: 800px) 100vw, 800px\" \/><\/figure><\/div>","protected":false},"excerpt":{"rendered":"<p>Schneeschuhwandern ist f\u00fcr jedermann eine wunderbare M\u00f6glichkeit, die sch\u00f6nen Wintertage drau\u00dfen zu genie\u00dfen. Durch bezaubernde Winterlandschaften f\u00fchren unsere Touren in der urspr\u00fcnglichsten Art, sich \u00fcber den Schnee zu bewegen &#8211; dem Schneeschuhgehen. Du bist eingeladen, mit mir die Winterwunderwelt zu durchstreifen und dies ganz ohne Vorkenntnisse. Touren Winter-Bergwald Von Tschengla\/B\u00fcrserberg aus sind wir im Waldgebiet &hellip; <a href=\"https:\/\/corina-roth.de\/?page_id=3172\" class=\"more-link\"><span class=\"screen-reader-text\">Schneeschuhwandern<\/span> weiterlesen <span class=\"meta-nav\">&rarr;<\/span><\/a><\/p>\n","protected":false},"author":1,"featured_media":0,"parent":0,"menu_order":0,"comment_status":"closed","ping_status":"closed","template":"","meta":[],"_links":{"self":[{"href":"https:\/\/corina-roth.de\/index.php?rest_route=\/wp\/v2\/pages\/3172"}],"collection":[{"href":"https:\/\/corina-roth.de\/index.php?rest_route=\/wp\/v2\/pages"}],"about":[{"href":"https:\/\/corina-roth.de\/index.php?rest_route=\/wp\/v2\/types\/page"}],"author":[{"embeddable":true,"href":"https:\/\/corina-roth.de\/index.php?rest_route=\/wp\/v2\/users\/1"}],"replies":[{"embeddable":true,"href":"https:\/\/corina-roth.de\/index.php?rest_route=%2Fwp%2Fv2%2Fcomments&post=3172"}],"version-history":[{"count":17,"href":"https:\/\/corina-roth.de\/index.php?rest_route=\/wp\/v2\/pages\/3172\/revisions"}],"predecessor-version":[{"id":3219,"href":"https:\/\/corina-roth.de\/index.php?rest_route=\/wp\/v2\/pages\/3172\/revisions\/3219"}],"wp:attachment":[{"href":"https:\/\/corina-roth.de\/index.php?rest_route=%2Fwp%2Fv2%2Fmedia&parent=3172"}],"curies":[{"name":"wp","href":"https:\/\/api.w.org\/{rel}","templated":true}]}}