{"id":380,"date":"2020-06-02T07:31:58","date_gmt":"2020-06-02T07:31:58","guid":{"rendered":"http:\/\/corina-roth.de\/?page_id=380"},"modified":"2021-12-08T21:27:11","modified_gmt":"2021-12-08T21:27:11","slug":"allgemeine-geschaeftsbedingungen","status":"publish","type":"page","link":"https:\/\/corina-roth.de\/?page_id=380","title":{"rendered":"Allgemeine Gesch\u00e4ftsbedingungen"},"content":{"rendered":"\n<p>Stand Mai 2020<\/p>\n\n\n\n<p><strong>Allgemeines <\/strong><\/p>\n\n\n\n<p>Die Anmeldung zu meinen Angeboten gilt als vertragliche Vereinbarung, mit der Sie diese AGB akzeptieren. Die AGB gelten bei s\u00e4mtlichen Dienstleistungen (F\u00fchrungstouren, Kursen, naturp\u00e4dagogischen Angeboten etc.) in den Gesch\u00e4ftsbereichen \u201eBergwanderf\u00fchrungen, Kletterkursen und naturp\u00e4dagogischen Dienstleistungen\u201c zwischen dem Kunden\/der Kundin und Corina Roth. Bei Vermittlung durch Vereine etc. k\u00f6nnen auch deren AGB (teilweise) Geltung haben.<\/p>\n\n\n\n<p><\/p>\n\n\n\n<p><strong>Anmeldung\/Vertragsabschluss<\/strong><\/p>\n\n\n\n<p>Die Anmeldung kann schriftlich, telefonisch oder m\u00fcndlich erfolgen. Der Vertrag kommt verbindlich zustande, sobald eine schriftliche oder m\u00fcndliche Best\u00e4tigung erfolgt ist. Alle genannten Preise sind in Euro ausgewiesen, es gelten grunds\u00e4tzlich die aktuellen Preise zum Zeitpunkt der Anmeldung bzw. des Vertragsabschlusses.  <\/p>\n\n\n\n<p><\/p>\n\n\n\n<p><strong>Zahlungsbedingungen<\/strong><\/p>\n\n\n\n<p> Soweit nichts Gegenteiliges vereinbart wird, ist innerhalb von zwei Wochen nach der verbindlichen Buchung\/dem Erhalten der Rechnung der Betrag per Bank\u00fcberweisung zu leisten.<\/p>\n\n\n\n<p><\/p>\n\n\n\n<p><strong>Anforderungen<\/strong><\/p>\n\n\n\n<p>Die klar kommunizierten Anforderungen f\u00fcr eine Tour oder ein Kurs sind Bestandteil des Vertrages. Erf\u00fcllt ein\/eine Teilnehmer\/in diese Anforderungen nicht, ist die Bergwanderf\u00fchrerin und Klettertrainerin berechtigt, ihn\/sie ganz oder teilweise von der Tour\/ dem Kurs auszuschlie\u00dfen. In diesem Fall besteht kein Anspruch auf R\u00fcckerstattung des bezahlten Preises.<\/p>\n\n\n\n<p><\/p>\n\n\n\n<p><strong>Ausr\u00fcstung<\/strong><\/p>\n\n\n\n<p>F\u00fcr Leihausr\u00fcstung, die gegebenenfalls zur Verf\u00fcgung gestellt wird (gratis oder gegen eine Leihgeb\u00fchr), sind die Kosten f\u00fcr Verlust oder Reparatur (von Sch\u00e4den, die \u00fcber die normale Abn\u00fctzung hinausgehen) von dem\/der Teilnehmer\/in zu tragen. Selbes gilt auch f\u00fcr durch Kunden\/Innen verschuldeten Verlust von Ausr\u00fcstungsgegenst\u00e4nden der Bergwanderf\u00fchrerin.<\/p>\n\n\n\n<p><\/p>\n\n\n\n<p><strong>R\u00fccktritt\ndurch Sie<\/strong><\/p>\n\n\n\n<p>Sie sind berechtigt jederzeit vor der Tour\/dem Kurs\/dem Angebot vom Vertrag zur\u00fcckzutreten. Der R\u00fccktritt muss schriftlich erfolgen, ma\u00dfgeblich ist das Eingangsdatum der schriftlichen Annullierung. F\u00fcr den R\u00fccktritt oder Nichtantritt werden folgende Stornogeb\u00fchren verrechnet: 20 bis 15 Tage vor Veranstaltungsbeginn 40%, 14 bis 7 Tage 60%, danach 80% des Gesamtbetrages. Ein\/e Teilnehmer\/in, der\/die eine Tour\/Kurs abbricht oder verl\u00e4sst, aus welchen Gr\u00fcnden immer (dies inkludiert auch Krankheit und Verletzung), hat keinen Anspruch auf R\u00fcckerstattung. Es wird jedem Teilnehmer\/jeder Teilnehmerin empfohlen, eine Reiser\u00fccktrittversicherung abzuschlie\u00dfen.<\/p>\n\n\n\n<p><\/p>\n\n\n\n<p><strong>Nichtzustandekommen\naufgrund schlechter Bedingungen \/ R\u00fccktritt durch mich<\/strong><\/p>\n\n\n\n<p>Wenn die Wetterbedingungen die Durchf\u00fchrung einer Tour etc. aus Sicherheitsgr\u00fcnden nicht erlauben, behalte ich mir das Recht vor, diese Tour etc.  zu verschieben, alternative Angebote zu offerieren oder abzusagen. Sollte es nicht m\u00f6glich sein, einen Ersatztermin oder ein alternatives Angebot innerhalb der folgenden 2 Monate zu finden, werden 10% der Auftragssumme in Rechnung gestellt. Im Falle einer Absage durch mich besteht die Verpflichtung meinerseits, 90% des  geleisteten Entgeldes zur\u00fcckzuerstatten.<\/p>\n\n\n\n<p><\/p>\n\n\n\n<p><strong>Programm\u00e4nderungen<\/strong><\/p>\n\n\n\n<p>Da die Durchf\u00fchrung des jeweiligen Programms stark von Wetter etc. abh\u00e4ngen kann, kann ich f\u00fcr dessen genaue Einhaltung nicht garantieren. Die Entscheidung \u00fcber \u00c4nderungen oder die Absage einzelner Teilaspekte bleibt der Bergwanderf\u00fchrerin vorbehalten. \u00c4nderungen diesbez\u00fcglich stellen keine Minderung der von mir erbrachten Leistung dar. F\u00fcr aus Wetter- und Sicherheitsgr\u00fcnden, oder vom Kunden\/der Kundin selbst verschuldete, unterbliebene Touren k\u00f6nnen keine Ersatzanspr\u00fcche geltend gemacht werden.  <\/p>\n\n\n\n<p><\/p>\n\n\n\n<p><strong>Versicherung\nund Haftung<\/strong><\/p>\n\n\n\n<p>Im\nKursbeitrag ist keine Unfallversicherung inbegriffen. Jedem\/jeder\nTeilnehmer\/in wird der Abschluss einer Haftpflicht- und\nUnfallversicherung empfohlen, die Bergungs- und R\u00fccktransportkosten\ninkludiert. \n<\/p>\n\n\n\n<p>Der\nTeilnehmer best\u00e4tigt mit der Anmeldung, dass er k\u00f6rperlich und\ngeistig f\u00e4hig ist, am jeweiligen Kurs \/ Tour teilzunehmen.\nKrankheiten, Allergien etc. sind bitte jedenfalls vor\nVeranstaltungsbeginn mitzuteilen. Den Anweisungen der\nBergwanderf\u00fchrerin und Klettertrainerin ist unbedingt und\ngenauestens Folge zu leisten. Eine Verletzungsgefahr kann trotz\nsorgf\u00e4ltiger Planung nicht g\u00e4nzlich ausgeschlossen werden.\nJeder\/jede Teilnehmer\/in nimmt zur Kenntnis, dass immer ein\nRestrisiko einer Verletzung bleibt, wof\u00fcr keine Haftung \u00fcbernommen\nwird.<\/p>\n\n\n\n<p>Eine\nHaftpflichtversicherung seitens der Bergwanderf\u00fchrerin,\nSportklettertrainerin, Naturp\u00e4dagogin besteht. Leistungsst\u00f6rungen\ndurch Wetter oder durch andere Ereignisse, die sich meinem Einfluss\nentziehen, sind nicht regresspflichtig.<\/p>\n\n\n\n<p>Indoor-Kurse\nfinden in allgemein zug\u00e4nglichen Sportst\u00e4tten\/Kletterhallen statt.\nDie Teilnehmer\/innen an Kletterkursen haben sich an die jeweiligen\nNutzungs- und Hallenordnungen sowie die Sicherheitsbestimmungen zu\nhalten. Die Klettertrainerin haftet nicht f\u00fcr Fehlverhalten der\nTeilnehmer\/innen oder eventuelle Sch\u00e4den, die durch Teilnehmer\/innen\nentstehen. \u00dcber die jeweiligen Nutzungs- und Hallenordnungen sowie\nSicherheitsbestimmungen hat sich der\/die Teilnehmer\/in im Vorfeld\nselbst\u00e4ndig zu informieren.<\/p>\n\n\n\n<p>Zus\u00e4tzlich f\u00fcr Kinder- und Jugendlichenkurse: Sp\u00e4testens bei Kursantritt ist von den Erziehungsberechtigten an mich vor Ort bekannt zu geben: Telefonnummer, unter der Erziehungsberechtigte jederzeit erreichbar sind, Abholperson oder ob die Abreise des Teilnehmers selbst\u00e4ndig erfolgt. Nach Kursende sind die Teilnehmer\/innen p\u00fcnktlich abzuholen. Die Aufsichtspflicht endet mit der \u00dcbergabe des Teilnehmers\/in an die abholberechtigte Person. Im Falle eines Ausschlusses vom Kurs oder bei Abbruch eines Kurses sind Teilnehmer\/innen unmittelbar vom Kurs abzuholen. Die Kosten hierf\u00fcr sind vom Teilnehmer zu tragen, es erfolgt keine Kostenr\u00fcckerstattung.<\/p>\n\n\n\n<p><\/p>\n\n\n\n<p><strong>Gerichtstsand<\/strong><\/p>\n\n\n\n<p>F\u00fcr den Vertrag und seine Durchf\u00fchrung gilt ausschlie\u00dflich deutsches Recht. Hat der Auftraggeber keinen allgemeinen Gerichtsstand in Deutschland oder in einem anderen EU-Mitgliedsstaat, ist ausschlie\u00dflich Gerichtsstand f\u00fcr s\u00e4mtliche Streitigkeiten aus diesem Vertrag der Gesch\u00e4ftssitz des Veranstalters.<\/p>\n","protected":false},"excerpt":{"rendered":"<p>Stand Mai 2020 Allgemeines Die Anmeldung zu meinen Angeboten gilt als vertragliche Vereinbarung, mit der Sie diese AGB akzeptieren. Die AGB gelten bei s\u00e4mtlichen Dienstleistungen (F\u00fchrungstouren, Kursen, naturp\u00e4dagogischen Angeboten etc.) in den Gesch\u00e4ftsbereichen \u201eBergwanderf\u00fchrungen, Kletterkursen und naturp\u00e4dagogischen Dienstleistungen\u201c zwischen dem Kunden\/der Kundin und Corina Roth. Bei Vermittlung durch Vereine etc. k\u00f6nnen auch deren AGB (teilweise) &hellip; <a href=\"https:\/\/corina-roth.de\/?page_id=380\" class=\"more-link\"><span class=\"screen-reader-text\">Allgemeine Gesch\u00e4ftsbedingungen<\/span> weiterlesen <span class=\"meta-nav\">&rarr;<\/span><\/a><\/p>\n","protected":false},"author":1,"featured_media":0,"parent":0,"menu_order":0,"comment_status":"closed","ping_status":"closed","template":"","meta":[],"_links":{"self":[{"href":"https:\/\/corina-roth.de\/index.php?rest_route=\/wp\/v2\/pages\/380"}],"collection":[{"href":"https:\/\/corina-roth.de\/index.php?rest_route=\/wp\/v2\/pages"}],"about":[{"href":"https:\/\/corina-roth.de\/index.php?rest_route=\/wp\/v2\/types\/page"}],"author":[{"embeddable":true,"href":"https:\/\/corina-roth.de\/index.php?rest_route=\/wp\/v2\/users\/1"}],"replies":[{"embeddable":true,"href":"https:\/\/corina-roth.de\/index.php?rest_route=%2Fwp%2Fv2%2Fcomments&post=380"}],"version-history":[{"count":7,"href":"https:\/\/corina-roth.de\/index.php?rest_route=\/wp\/v2\/pages\/380\/revisions"}],"predecessor-version":[{"id":2883,"href":"https:\/\/corina-roth.de\/index.php?rest_route=\/wp\/v2\/pages\/380\/revisions\/2883"}],"wp:attachment":[{"href":"https:\/\/corina-roth.de\/index.php?rest_route=%2Fwp%2Fv2%2Fmedia&parent=380"}],"curies":[{"name":"wp","href":"https:\/\/api.w.org\/{rel}","templated":true}]}}