{"id":47,"date":"2019-03-13T22:00:22","date_gmt":"2019-03-13T22:00:22","guid":{"rendered":"http:\/\/corina-roth.de\/?page_id=47"},"modified":"2024-12-30T12:01:52","modified_gmt":"2024-12-30T12:01:52","slug":"ueber-mich","status":"publish","type":"page","link":"https:\/\/corina-roth.de\/?page_id=47","title":{"rendered":"\u00dcber mich"},"content":{"rendered":"\n<figure class=\"wp-block-image\"><img decoding=\"async\" loading=\"lazy\" width=\"1024\" height=\"576\" src=\"http:\/\/corina-roth.de\/wp-content\/uploads\/2020\/10\/20201009_1638591-1024x576.jpg\" alt=\"\" class=\"wp-image-1114\" srcset=\"https:\/\/corina-roth.de\/wp-content\/uploads\/2020\/10\/20201009_1638591-1024x576.jpg 1024w, https:\/\/corina-roth.de\/wp-content\/uploads\/2020\/10\/20201009_1638591-300x169.jpg 300w, https:\/\/corina-roth.de\/wp-content\/uploads\/2020\/10\/20201009_1638591-768x432.jpg 768w, https:\/\/corina-roth.de\/wp-content\/uploads\/2020\/10\/20201009_1638591-700x394.jpg 700w, https:\/\/corina-roth.de\/wp-content\/uploads\/2020\/10\/20201009_1638591-2000x1125.jpg 2000w, https:\/\/corina-roth.de\/wp-content\/uploads\/2020\/10\/20201009_1638591-711x400.jpg 711w\" sizes=\"(max-width: 1024px) 100vw, 1024px\" \/><\/figure>\n\n\n\n<figure class=\"is-layout-flex wp-block-gallery-1 wp-block-gallery alignright has-nested-images columns-default is-cropped\">\n<figure class=\"wp-block-image size-large\"><img decoding=\"async\" loading=\"lazy\" width=\"1024\" height=\"826\" data-id=\"2994\"  src=\"https:\/\/corina-roth.de\/wp-content\/uploads\/2023\/07\/AG101511-1024x826.jpg\" alt=\"\" class=\"wp-image-2994\" srcset=\"https:\/\/corina-roth.de\/wp-content\/uploads\/2023\/07\/AG101511-1024x826.jpg 1024w, https:\/\/corina-roth.de\/wp-content\/uploads\/2023\/07\/AG101511-300x242.jpg 300w, https:\/\/corina-roth.de\/wp-content\/uploads\/2023\/07\/AG101511-768x620.jpg 768w, https:\/\/corina-roth.de\/wp-content\/uploads\/2023\/07\/AG101511-1536x1239.jpg 1536w, https:\/\/corina-roth.de\/wp-content\/uploads\/2023\/07\/AG101511-2048x1652.jpg 2048w, https:\/\/corina-roth.de\/wp-content\/uploads\/2023\/07\/AG101511-700x565.jpg 700w, https:\/\/corina-roth.de\/wp-content\/uploads\/2023\/07\/AG101511-2000x1614.jpg 2000w, https:\/\/corina-roth.de\/wp-content\/uploads\/2023\/07\/AG101511-496x400.jpg 496w\" sizes=\"(max-width: 1024px) 100vw, 1024px\" \/><\/figure>\n<\/figure>\n\n\n\n<p> <\/p>\n\n\n\n<p>  <\/p>\n\n\n\n<p><\/p>\n\n\n\n<p>\u2022 Natur- und Waldorfp\u00e4dagogin  <\/p>\n\n\n\n<p>\u2022 gepr\u00fcfte Bergwanderf\u00fchrerin<\/p>\n\n\n\n<p>\u2022 Trainer C Sportklettern Breitensport<\/p>\n\n\n\n<p class=\"has-text-align-left\">Die Liebe zur Natur begleitet mich schon mein Leben lang. Seit ich den Bergsport entdeckte, wuchs die Liebe zu dieser wundersch\u00f6nen Naturlandschaft Berge mehr und mehr. Neben der Faszination f\u00fcr die raue Wildheit und der Vegetationsvielfalt in den Alpen kann ich hier auch meinem Bewegungsdrang gerecht werden.<\/p>\n\n\n\n<p class=\"has-text-align-left\">Die Berge besitzen f\u00fcr mich eine ganz besondere Magie und Anziehungskraft, ob M\u00e4rchenwald mit Fichten, Moos und Wurzeln oder die m\u00e4chtigen Felsgipfel mit ihrem alpinen Charakter.  <\/p>\n\n\n\n<p class=\"has-text-align-left\">Bei Skitouren im Winter sowie im Sommer beim Bergsteigen \u2013 die Berge verzaubern mich zu jeder Jahreszeit.<\/p>\n\n\n\n<p class=\"has-text-align-left\">Neben Berglaufen und Bergsteigen fasziniert mich vor allem das Klettern. Der \u201eTanz am Fels\u201c ergriff mich und lie\u00df mich nicht mehr los. Das Klettern ist zum Lebensgef\u00fchl geworden.<\/p>\n\n\n\n<p class=\"has-text-align-left\">Gerne m\u00f6chte ich viele sch\u00f6ne Momente an den sch\u00f6nen Orten der Natur in den Alpen teilen, sowie die Faszination f\u00fcr die feinen Bewegungen an der Wand.  <\/p>\n\n\n\n<figure class=\"wp-block-image\"><img decoding=\"async\" loading=\"lazy\" width=\"1024\" height=\"576\" src=\"http:\/\/corina-roth.de\/wp-content\/uploads\/2020\/10\/20200930_162552-031-1024x576.jpeg\" alt=\"\" class=\"wp-image-1115\" srcset=\"https:\/\/corina-roth.de\/wp-content\/uploads\/2020\/10\/20200930_162552-031-1024x576.jpeg 1024w, https:\/\/corina-roth.de\/wp-content\/uploads\/2020\/10\/20200930_162552-031-300x169.jpeg 300w, https:\/\/corina-roth.de\/wp-content\/uploads\/2020\/10\/20200930_162552-031-768x432.jpeg 768w, https:\/\/corina-roth.de\/wp-content\/uploads\/2020\/10\/20200930_162552-031-700x394.jpeg 700w, https:\/\/corina-roth.de\/wp-content\/uploads\/2020\/10\/20200930_162552-031-2000x1125.jpeg 2000w, https:\/\/corina-roth.de\/wp-content\/uploads\/2020\/10\/20200930_162552-031-711x400.jpeg 711w\" sizes=\"(max-width: 1024px) 100vw, 1024px\" \/><\/figure>\n\n\n\n<p class=\"has-text-align-left\">Komm mit und erlebe die sch\u00f6ne Natur der Berge!<\/p>\n\n\n\n<p class=\"has-text-align-left\">Ich freue mich, wenn Du dabei bist!<\/p>\n\n\n\n<p><\/p>\n\n\n\n<p class=\"has-text-align-left\"> liabi Gria\u00df,<\/p>\n\n\n\n<figure class=\"wp-block-image is-resized\"><img decoding=\"async\" loading=\"lazy\" src=\"http:\/\/corina-roth.de\/wp-content\/uploads\/2019\/03\/image-1.png\" alt=\"\" class=\"wp-image-89\" width=\"213\" height=\"171\" srcset=\"https:\/\/corina-roth.de\/wp-content\/uploads\/2019\/03\/image-1.png 822w, https:\/\/corina-roth.de\/wp-content\/uploads\/2019\/03\/image-1-300x242.png 300w, https:\/\/corina-roth.de\/wp-content\/uploads\/2019\/03\/image-1-768x619.png 768w, https:\/\/corina-roth.de\/wp-content\/uploads\/2019\/03\/image-1-700x564.png 700w, https:\/\/corina-roth.de\/wp-content\/uploads\/2019\/03\/image-1-497x400.png 497w\" sizes=\"(max-width: 213px) 100vw, 213px\" \/><\/figure>\n\n\n\n<figure class=\"wp-block-image\"><img decoding=\"async\" loading=\"lazy\" width=\"1024\" height=\"1024\" src=\"http:\/\/corina-roth.de\/wp-content\/uploads\/2020\/07\/20200606_135228-01-e1595757250648-1024x1024.jpeg\" alt=\"\" class=\"wp-image-674\" srcset=\"https:\/\/corina-roth.de\/wp-content\/uploads\/2020\/07\/20200606_135228-01-e1595757250648-1024x1024.jpeg 1024w, https:\/\/corina-roth.de\/wp-content\/uploads\/2020\/07\/20200606_135228-01-e1595757250648-150x150.jpeg 150w, https:\/\/corina-roth.de\/wp-content\/uploads\/2020\/07\/20200606_135228-01-e1595757250648-300x300.jpeg 300w, https:\/\/corina-roth.de\/wp-content\/uploads\/2020\/07\/20200606_135228-01-e1595757250648-768x768.jpeg 768w, https:\/\/corina-roth.de\/wp-content\/uploads\/2020\/07\/20200606_135228-01-e1595757250648-700x700.jpeg 700w, https:\/\/corina-roth.de\/wp-content\/uploads\/2020\/07\/20200606_135228-01-e1595757250648-2000x2000.jpeg 2000w, https:\/\/corina-roth.de\/wp-content\/uploads\/2020\/07\/20200606_135228-01-e1595757250648-100x100.jpeg 100w, https:\/\/corina-roth.de\/wp-content\/uploads\/2020\/07\/20200606_135228-01-e1595757250648-400x400.jpeg 400w\" sizes=\"(max-width: 1024px) 100vw, 1024px\" \/><\/figure>\n\n\n\n<figure class=\"is-layout-flex wp-block-gallery-3 wp-block-gallery has-nested-images columns-default is-cropped\">\n<figure class=\"wp-block-image\"><img decoding=\"async\" loading=\"lazy\" width=\"720\" height=\"720\" data-id=\"101\"  src=\"https:\/\/corina-roth.de\/wp-content\/uploads\/2019\/03\/FB_IMG_1544962379256.jpg\" alt=\"\" class=\"wp-image-101\" srcset=\"https:\/\/corina-roth.de\/wp-content\/uploads\/2019\/03\/FB_IMG_1544962379256.jpg 720w, https:\/\/corina-roth.de\/wp-content\/uploads\/2019\/03\/FB_IMG_1544962379256-150x150.jpg 150w, https:\/\/corina-roth.de\/wp-content\/uploads\/2019\/03\/FB_IMG_1544962379256-300x300.jpg 300w, https:\/\/corina-roth.de\/wp-content\/uploads\/2019\/03\/FB_IMG_1544962379256-700x700.jpg 700w, https:\/\/corina-roth.de\/wp-content\/uploads\/2019\/03\/FB_IMG_1544962379256-100x100.jpg 100w, https:\/\/corina-roth.de\/wp-content\/uploads\/2019\/03\/FB_IMG_1544962379256-400x400.jpg 400w\" sizes=\"(max-width: 720px) 100vw, 720px\" \/><\/figure>\n\n\n\n<figure class=\"wp-block-image\"><img decoding=\"async\" loading=\"lazy\" width=\"455\" height=\"517\" data-id=\"2895\"  src=\"https:\/\/corina-roth.de\/wp-content\/uploads\/2022\/02\/IMG-20210905-WA0004-01-01.jpeg\" alt=\"\" class=\"wp-image-2895\" srcset=\"https:\/\/corina-roth.de\/wp-content\/uploads\/2022\/02\/IMG-20210905-WA0004-01-01.jpeg 455w, https:\/\/corina-roth.de\/wp-content\/uploads\/2022\/02\/IMG-20210905-WA0004-01-01-264x300.jpeg 264w, https:\/\/corina-roth.de\/wp-content\/uploads\/2022\/02\/IMG-20210905-WA0004-01-01-352x400.jpeg 352w\" sizes=\"(max-width: 455px) 100vw, 455px\" \/><\/figure>\n<\/figure>\n\n\n\n<figure class=\"wp-block-image\"><img decoding=\"async\" loading=\"lazy\" width=\"720\" height=\"722\" src=\"http:\/\/corina-roth.de\/wp-content\/uploads\/2019\/03\/FB_IMG_1544962362683.jpg\" alt=\"\" class=\"wp-image-139\" srcset=\"https:\/\/corina-roth.de\/wp-content\/uploads\/2019\/03\/FB_IMG_1544962362683.jpg 720w, https:\/\/corina-roth.de\/wp-content\/uploads\/2019\/03\/FB_IMG_1544962362683-150x150.jpg 150w, https:\/\/corina-roth.de\/wp-content\/uploads\/2019\/03\/FB_IMG_1544962362683-300x300.jpg 300w, https:\/\/corina-roth.de\/wp-content\/uploads\/2019\/03\/FB_IMG_1544962362683-700x702.jpg 700w, https:\/\/corina-roth.de\/wp-content\/uploads\/2019\/03\/FB_IMG_1544962362683-100x100.jpg 100w, https:\/\/corina-roth.de\/wp-content\/uploads\/2019\/03\/FB_IMG_1544962362683-399x400.jpg 399w\" sizes=\"(max-width: 720px) 100vw, 720px\" \/><figcaption class=\"wp-element-caption\">Klettern im Zillertal<\/figcaption><\/figure>\n\n\n\n<figure class=\"wp-block-image\"><img decoding=\"async\" loading=\"lazy\" width=\"1024\" height=\"739\" src=\"http:\/\/corina-roth.de\/wp-content\/uploads\/2019\/03\/20190307_203028-1024x739.jpg\" alt=\"\" class=\"wp-image-137\" srcset=\"https:\/\/corina-roth.de\/wp-content\/uploads\/2019\/03\/20190307_203028-1024x739.jpg 1024w, https:\/\/corina-roth.de\/wp-content\/uploads\/2019\/03\/20190307_203028-300x216.jpg 300w, https:\/\/corina-roth.de\/wp-content\/uploads\/2019\/03\/20190307_203028-768x554.jpg 768w, https:\/\/corina-roth.de\/wp-content\/uploads\/2019\/03\/20190307_203028-700x505.jpg 700w, https:\/\/corina-roth.de\/wp-content\/uploads\/2019\/03\/20190307_203028-554x400.jpg 554w, https:\/\/corina-roth.de\/wp-content\/uploads\/2019\/03\/20190307_203028.jpg 1282w\" sizes=\"(max-width: 1024px) 100vw, 1024px\" \/><figcaption class=\"wp-element-caption\">Skitour im Rofan<\/figcaption><\/figure>\n\n\n\n<figure class=\"wp-block-image\"><img decoding=\"async\" loading=\"lazy\" width=\"1024\" height=\"959\" src=\"http:\/\/corina-roth.de\/wp-content\/uploads\/2020\/10\/20200912_114257-011-1024x959.jpeg\" alt=\"\" class=\"wp-image-1117\" srcset=\"https:\/\/corina-roth.de\/wp-content\/uploads\/2020\/10\/20200912_114257-011-1024x959.jpeg 1024w, https:\/\/corina-roth.de\/wp-content\/uploads\/2020\/10\/20200912_114257-011-300x281.jpeg 300w, https:\/\/corina-roth.de\/wp-content\/uploads\/2020\/10\/20200912_114257-011-768x719.jpeg 768w, https:\/\/corina-roth.de\/wp-content\/uploads\/2020\/10\/20200912_114257-011-700x655.jpeg 700w, https:\/\/corina-roth.de\/wp-content\/uploads\/2020\/10\/20200912_114257-011-2000x1873.jpeg 2000w, https:\/\/corina-roth.de\/wp-content\/uploads\/2020\/10\/20200912_114257-011-427x400.jpeg 427w\" sizes=\"(max-width: 1024px) 100vw, 1024px\" \/><figcaption class=\"wp-element-caption\">Berglauf Sonnjoch<\/figcaption><\/figure>\n\n\n\n<figure class=\"is-layout-flex wp-block-gallery-5 wp-block-gallery has-nested-images columns-default is-cropped\">\n<figure class=\"wp-block-image size-large\"><img decoding=\"async\" loading=\"lazy\" width=\"704\" height=\"1024\" data-id=\"2998\"  src=\"https:\/\/corina-roth.de\/wp-content\/uploads\/2023\/07\/AG101446-704x1024.jpg\" alt=\"\" class=\"wp-image-2998\" srcset=\"https:\/\/corina-roth.de\/wp-content\/uploads\/2023\/07\/AG101446-704x1024.jpg 704w, https:\/\/corina-roth.de\/wp-content\/uploads\/2023\/07\/AG101446-206x300.jpg 206w, https:\/\/corina-roth.de\/wp-content\/uploads\/2023\/07\/AG101446-768x1118.jpg 768w, https:\/\/corina-roth.de\/wp-content\/uploads\/2023\/07\/AG101446-1055x1536.jpg 1055w, https:\/\/corina-roth.de\/wp-content\/uploads\/2023\/07\/AG101446-1407x2048.jpg 1407w, https:\/\/corina-roth.de\/wp-content\/uploads\/2023\/07\/AG101446-700x1019.jpg 700w, https:\/\/corina-roth.de\/wp-content\/uploads\/2023\/07\/AG101446-2000x2911.jpg 2000w, https:\/\/corina-roth.de\/wp-content\/uploads\/2023\/07\/AG101446-275x400.jpg 275w, https:\/\/corina-roth.de\/wp-content\/uploads\/2023\/07\/AG101446-scaled.jpg 1759w\" sizes=\"(max-width: 704px) 100vw, 704px\" \/><\/figure>\n\n\n\n<figure class=\"wp-block-image size-large\"><img decoding=\"async\" loading=\"lazy\" width=\"734\" height=\"1024\" data-id=\"3000\"  src=\"https:\/\/corina-roth.de\/wp-content\/uploads\/2023\/07\/AG101342-734x1024.jpg\" alt=\"\" class=\"wp-image-3000\" srcset=\"https:\/\/corina-roth.de\/wp-content\/uploads\/2023\/07\/AG101342-734x1024.jpg 734w, https:\/\/corina-roth.de\/wp-content\/uploads\/2023\/07\/AG101342-215x300.jpg 215w, https:\/\/corina-roth.de\/wp-content\/uploads\/2023\/07\/AG101342-768x1071.jpg 768w, https:\/\/corina-roth.de\/wp-content\/uploads\/2023\/07\/AG101342-1101x1536.jpg 1101w, https:\/\/corina-roth.de\/wp-content\/uploads\/2023\/07\/AG101342-1468x2048.jpg 1468w, https:\/\/corina-roth.de\/wp-content\/uploads\/2023\/07\/AG101342-700x976.jpg 700w, https:\/\/corina-roth.de\/wp-content\/uploads\/2023\/07\/AG101342-2000x2790.jpg 2000w, https:\/\/corina-roth.de\/wp-content\/uploads\/2023\/07\/AG101342-287x400.jpg 287w, https:\/\/corina-roth.de\/wp-content\/uploads\/2023\/07\/AG101342-scaled.jpg 1835w\" sizes=\"(max-width: 734px) 100vw, 734px\" \/><\/figure>\n<\/figure>\n\n\n<div class=\"wp-block-image\">\n<figure class=\"aligncenter is-resized\"><img decoding=\"async\" loading=\"lazy\" src=\"http:\/\/corina-roth.de\/wp-content\/uploads\/2023\/01\/bergwanderfuehrer_logo_Faszination_Bergerleben_Wanderfuehrer_Tirol-6.png\" alt=\"\" class=\"wp-image-2969\" width=\"112\" height=\"133\"\/><\/figure><\/div>\n\n\n<figure class=\"wp-block-image\"><img decoding=\"async\" loading=\"lazy\" width=\"800\" height=\"183\" src=\"http:\/\/corina-roth.de\/wp-content\/uploads\/2023\/01\/bsfvb-logo-800x183px-transp-7.png\" alt=\"\" class=\"wp-image-2953\" srcset=\"https:\/\/corina-roth.de\/wp-content\/uploads\/2023\/01\/bsfvb-logo-800x183px-transp-7.png 800w, https:\/\/corina-roth.de\/wp-content\/uploads\/2023\/01\/bsfvb-logo-800x183px-transp-7-300x69.png 300w, https:\/\/corina-roth.de\/wp-content\/uploads\/2023\/01\/bsfvb-logo-800x183px-transp-7-768x176.png 768w, https:\/\/corina-roth.de\/wp-content\/uploads\/2023\/01\/bsfvb-logo-800x183px-transp-7-700x160.png 700w\" sizes=\"(max-width: 800px) 100vw, 800px\" \/><\/figure>\n\n\n\n<p><br><\/p>\n","protected":false},"excerpt":{"rendered":"<p>\u2022 Natur- und Waldorfp\u00e4dagogin \u2022 gepr\u00fcfte Bergwanderf\u00fchrerin \u2022 Trainer C Sportklettern Breitensport Die Liebe zur Natur begleitet mich schon mein Leben lang. Seit ich den Bergsport entdeckte, wuchs die Liebe zu dieser wundersch\u00f6nen Naturlandschaft Berge mehr und mehr. Neben der Faszination f\u00fcr die raue Wildheit und der Vegetationsvielfalt in den Alpen kann ich hier auch &hellip; <a href=\"https:\/\/corina-roth.de\/?page_id=47\" class=\"more-link\"><span class=\"screen-reader-text\">\u00dcber mich<\/span> weiterlesen <span class=\"meta-nav\">&rarr;<\/span><\/a><\/p>\n","protected":false},"author":1,"featured_media":102,"parent":0,"menu_order":0,"comment_status":"closed","ping_status":"closed","template":"","meta":[],"_links":{"self":[{"href":"https:\/\/corina-roth.de\/index.php?rest_route=\/wp\/v2\/pages\/47"}],"collection":[{"href":"https:\/\/corina-roth.de\/index.php?rest_route=\/wp\/v2\/pages"}],"about":[{"href":"https:\/\/corina-roth.de\/index.php?rest_route=\/wp\/v2\/types\/page"}],"author":[{"embeddable":true,"href":"https:\/\/corina-roth.de\/index.php?rest_route=\/wp\/v2\/users\/1"}],"replies":[{"embeddable":true,"href":"https:\/\/corina-roth.de\/index.php?rest_route=%2Fwp%2Fv2%2Fcomments&post=47"}],"version-history":[{"count":36,"href":"https:\/\/corina-roth.de\/index.php?rest_route=\/wp\/v2\/pages\/47\/revisions"}],"predecessor-version":[{"id":3203,"href":"https:\/\/corina-roth.de\/index.php?rest_route=\/wp\/v2\/pages\/47\/revisions\/3203"}],"wp:featuredmedia":[{"embeddable":true,"href":"https:\/\/corina-roth.de\/index.php?rest_route=\/wp\/v2\/media\/102"}],"wp:attachment":[{"href":"https:\/\/corina-roth.de\/index.php?rest_route=%2Fwp%2Fv2%2Fmedia&parent=47"}],"curies":[{"name":"wp","href":"https:\/\/api.w.org\/{rel}","templated":true}]}}