{"id":49,"date":"2019-03-13T22:00:30","date_gmt":"2019-03-13T22:00:30","guid":{"rendered":"http:\/\/corina-roth.de\/?page_id=49"},"modified":"2024-01-29T14:57:06","modified_gmt":"2024-01-29T14:57:06","slug":"klettern","status":"publish","type":"page","link":"https:\/\/corina-roth.de\/?page_id=49","title":{"rendered":"Klettern"},"content":{"rendered":"\n<p>\u2022 Kletterstunden finden zeitlich\/terminlich individuell nach Anfrage statt. Die Kursorte sind die Kletter- und Boulderhallen in Vorarlberg.<\/p>\n\n\n\n<p>\u2022 Halleneintritt, evtl. Leihausr\u00fcstung sind nicht im jeweiligen Projektbeitrag enthalten.<\/p>\n\n\n\n<p>\u2022 Alle Einheiten finden in Kleingruppen von 2 bis 4 Teilnehmern statt. So kann sehr gut auf jeden Einzelnen eingegangen werden.<\/p>\n\n\n\n<figure class=\"wp-block-image\"><img decoding=\"async\" loading=\"lazy\" width=\"720\" height=\"732\" src=\"http:\/\/corina-roth.de\/wp-content\/uploads\/2020\/10\/20201005_2244241.jpg\" alt=\"\" class=\"wp-image-1120\" srcset=\"https:\/\/corina-roth.de\/wp-content\/uploads\/2020\/10\/20201005_2244241.jpg 720w, https:\/\/corina-roth.de\/wp-content\/uploads\/2020\/10\/20201005_2244241-295x300.jpg 295w, https:\/\/corina-roth.de\/wp-content\/uploads\/2020\/10\/20201005_2244241-700x712.jpg 700w, https:\/\/corina-roth.de\/wp-content\/uploads\/2020\/10\/20201005_2244241-393x400.jpg 393w\" sizes=\"(max-width: 720px) 100vw, 720px\" \/><figcaption class=\"wp-element-caption\">Bouldern im Zillertal<\/figcaption><\/figure>\n\n\n\n<h2>Sportklettern<br><\/h2>\n\n\n\n<h3>Teil 1  Sichern und Klettern im Toprope  <\/h3>\n\n\n\n<p>Wir befassen uns mit den Basics der Sicherungstechnik und lernen die notwendigen Kenntnisse f\u00fcrs Klettern im Toprope. Knoten, Einbinden, Partnercheck, korrektes Sichern, Seilkommandos, Ablassen, Materialkunde, Falltest und erste Kenntnisse der Standardbewegung sind Elemente von Teil 1.<br><\/p>\n\n\n\n<h3> Teil 2  Sichern und Klettern im Vorstieg <\/h3>\n\n\n\n<p>Aufbauend auf den ersten Teil geht es nun ins Vorstiegsklettern. <\/p>\n\n\n\n<p>Die Sicherungstechnik im Vorstieg, bodennahes Sichern, das richtige Einh\u00e4ngen der Zwischensicherungen im Vorstieg, Gewichtsunterschiede, erweiterte Knotenkunde und Sturztraining\/dynamisches Sichern sind Inhalte dieser Kletterstunden.<\/p>\n\n\n\n<p>Die gesamte Einheit Teil 1+2 umfasst 5 x 3 Stunden. Es sind keine Vorkenntnisse erforderlich. <\/p>\n\n\n\n<p>Projektbeitrag: 185 \u20ac<br><\/p>\n\n\n\n<p><\/p>\n\n\n\n<h2>Technik \u2022 Taktik und Bouldern<\/h2>\n\n\n\n<h3>\u201eDer n\u00e4chste Grad\u201c<\/h3>\n\n\n\n<p>M\u00f6chtest\nDu Dein Kletterk\u00f6nnen verbessern, so braucht es dazu eine gute und\npr\u00e4zise Technik sowie die passende Taktik und Herangehensweise. Dann\nsteht dem n\u00e4chsten Grad nichts mehr im Wege.<\/p>\n\n\n\n<p>Wir\nbefassen uns genau mit den Bewegungsinhalten der Standardbewegung und\nihrer Variation. \n<\/p>\n\n\n\n<p>Individuell\nwird auf jeden Teilnehmer eingegangen. \n<\/p>\n\n\n\n<p>Ziel\nist es, die erlernten und bewusst gewordenen technischen und\ntaktischen Inhalte auf Routen zu \u00fcbertragen und zur Gewohnheit\nwerden zu lassen, um so das pers\u00f6nliche Kletterniveau  zu verbessern\nund zu steigern. \n<\/p>\n\n\n\n<p>Voraussetzung ist ein routiniertes Sicherungshandling sowie die Vorstiegskompetenz mind. im 6. Grad.<\/p>\n\n\n\n<p>Die Technik-Taktik-Stunden erstrecken sich \u00fcber einen Zeitraum von 3 Wochen mit 1,5 Stunden pro Woche.<\/p>\n\n\n\n<p>Projektbeitrag: 135 \u20ac<\/p>\n\n\n\n<h3>Bouldern<\/h3>\n\n\n\n<p>In der Einheit &#8222;Bouldern&#8220; machen wir die erste Bekanntschaft mit der Vertikalen in Absprungh\u00f6he und lernen und \u00fcben einfache grundlegende Bewegungsinhalte des Klettersports.  <\/p>\n\n\n\n<p>Es sind keine Vorkenntnisse erforderlich.<\/p>\n\n\n\n<p>Der\nZeitraum betr\u00e4gt 2 x 2 Stunden.<\/p>\n\n\n\n<p>Projektbeitrag: 60 \u20ac<\/p>\n\n\n\n<h2>Ausgleichs- und Stabilisations\u00fcbungen<\/h2>\n\n\n\n<p>Wer\nviel klettert, braucht auch Ausgleich, um die Muskulatur ganzheitlich\nund nicht einseitig zu belasten. Dass der K\u00f6rper in einem\nharmonischen Gleichgewicht bleibt, m\u00fcssen auch die Gegenspieler der\nkletterspezifisch angesprochenen Muskulatur verwendet werden. Im\nAusgleichstraining befassen wir uns mit den Muskelgruppen, die\ntypischerweise beim Klettern aktiv sind und deren Ausgleich sowie\n\u00dcbungen zur Stabilisation des K\u00f6rpers kletterspezifische\nK\u00f6rperregionen betreffend. Wir erstellen gemeinsam einen Plan \u00fcber\ndie gelernten m\u00f6glichen \u00dcbungen.<\/p>\n\n\n\n<p>Diese Einheit beinhaltet 2 x 1 \u00bd Stunden.<\/p>\n\n\n\n<p>Projektbeitrag: 50 \u20ac<\/p>\n\n\n\n<p><\/p>\n\n\n\n<h2>Kinder-Training<\/h2>\n\n\n\n<p><\/p>\n\n\n\n<figure class=\"is-layout-flex wp-block-gallery-1 wp-block-gallery has-nested-images columns-default is-cropped\">\n<figure class=\"wp-block-image\"><img decoding=\"async\" loading=\"lazy\" width=\"768\" height=\"1024\" data-id=\"144\"  src=\"https:\/\/corina-roth.de\/wp-content\/uploads\/2019\/03\/20190226_204021-768x1024.jpg\" alt=\"\" class=\"wp-image-144\" srcset=\"https:\/\/corina-roth.de\/wp-content\/uploads\/2019\/03\/20190226_204021-768x1024.jpg 768w, https:\/\/corina-roth.de\/wp-content\/uploads\/2019\/03\/20190226_204021-225x300.jpg 225w, https:\/\/corina-roth.de\/wp-content\/uploads\/2019\/03\/20190226_204021-700x933.jpg 700w, https:\/\/corina-roth.de\/wp-content\/uploads\/2019\/03\/20190226_204021-2000x2667.jpg 2000w, https:\/\/corina-roth.de\/wp-content\/uploads\/2019\/03\/20190226_204021-300x400.jpg 300w\" sizes=\"(max-width: 768px) 100vw, 768px\" \/><\/figure>\n\n\n\n<figure class=\"wp-block-image\"><img decoding=\"async\" loading=\"lazy\" width=\"768\" height=\"1024\" data-id=\"143\"  src=\"https:\/\/corina-roth.de\/wp-content\/uploads\/2019\/03\/20190226_203953-768x1024.jpg\" alt=\"\" class=\"wp-image-143\" srcset=\"https:\/\/corina-roth.de\/wp-content\/uploads\/2019\/03\/20190226_203953-768x1024.jpg 768w, https:\/\/corina-roth.de\/wp-content\/uploads\/2019\/03\/20190226_203953-225x300.jpg 225w, https:\/\/corina-roth.de\/wp-content\/uploads\/2019\/03\/20190226_203953-700x933.jpg 700w, https:\/\/corina-roth.de\/wp-content\/uploads\/2019\/03\/20190226_203953-2000x2667.jpg 2000w, https:\/\/corina-roth.de\/wp-content\/uploads\/2019\/03\/20190226_203953-300x400.jpg 300w\" sizes=\"(max-width: 768px) 100vw, 768px\" \/><\/figure>\n\n\n\n<figure class=\"wp-block-image\"><img decoding=\"async\" loading=\"lazy\" width=\"768\" height=\"1024\" data-id=\"141\"  src=\"https:\/\/corina-roth.de\/wp-content\/uploads\/2019\/03\/20190226_203927-768x1024.jpg\" alt=\"\" class=\"wp-image-141\" srcset=\"https:\/\/corina-roth.de\/wp-content\/uploads\/2019\/03\/20190226_203927-768x1024.jpg 768w, https:\/\/corina-roth.de\/wp-content\/uploads\/2019\/03\/20190226_203927-225x300.jpg 225w, https:\/\/corina-roth.de\/wp-content\/uploads\/2019\/03\/20190226_203927-700x933.jpg 700w, https:\/\/corina-roth.de\/wp-content\/uploads\/2019\/03\/20190226_203927-2000x2667.jpg 2000w, https:\/\/corina-roth.de\/wp-content\/uploads\/2019\/03\/20190226_203927-300x400.jpg 300w\" sizes=\"(max-width: 768px) 100vw, 768px\" \/><\/figure>\n<\/figure>\n\n\n\n<h3>Kinder \u2013 Training Sportklettern  <\/h3>\n\n\n\n<p>Im\nKinder- und Jugendbereich biete ich au\u00dferdem ein regelm\u00e4\u00dfiges\nTraining in Bl\u00f6cken von mehreren Wochen an.<\/p>\n\n\n\n<p>Das\nTraining balanciert zwischen lustigen Boulderspielen und dem Klettern\nam Seil. Ziel ist es, die Kletter- und Sicherungstechnik zu\nverbessern sowie Freude am regelm\u00e4\u00dfigen Sport zu haben.<\/p>\n\n\n\n<p>Das\nKindertraining Sportklettern beinhaltet das Erlernen und \u00dcben der\nGrundlagen des Sicherns im Toprope und Vorstieg (je nach Anzahl der\nTrainingswochen und pers\u00f6nlichem Eigenk\u00f6nnen des Kindes). \n<\/p>\n\n\n\n<p>Erheiternd und ausgleichend zur eher trockenen Sicherungstechnik sind Boulderspiele, in denen spielerisch versteckte Technik-Taktik-\u00dcbungen enthalten sind. So entwickeln die Kinder meist intuitiv eine flie\u00dfende und immer pr\u00e4zisere Bewegungskompetenz an der vertikalen Wand.  <\/p>\n\n\n\n<p>Mindestteilnehmerzahl f\u00fcr die Kinderkletterstunden sind 2 Teilnehmer bis max. 4 Kinder.<\/p>\n\n\n\n<p>Eine Trainingseinheit dauert 1 \u00bd Stunden und wird in Trainingsbl\u00f6cken von mind. vier Wochen angeboten.<\/p>\n\n\n\n<p>Projektbeitrag f\u00fcr ein 4er-Block: 100\u20ac<\/p>\n\n\n\n<h2>Geschenkgutschein<\/h2>\n\n\n\n<p>F\u00fcr einen Kletterkurs oder eine gef\u00fchrte Bergtour.<\/p>\n\n\n\n<figure class=\"wp-block-image\"><img decoding=\"async\" loading=\"lazy\" width=\"1024\" height=\"494\" src=\"http:\/\/corina-roth.de\/wp-content\/uploads\/2020\/06\/20200528_203058-021-1024x494.jpeg\" alt=\"\" class=\"wp-image-360\" srcset=\"https:\/\/corina-roth.de\/wp-content\/uploads\/2020\/06\/20200528_203058-021-1024x494.jpeg 1024w, https:\/\/corina-roth.de\/wp-content\/uploads\/2020\/06\/20200528_203058-021-300x145.jpeg 300w, https:\/\/corina-roth.de\/wp-content\/uploads\/2020\/06\/20200528_203058-021-768x370.jpeg 768w, https:\/\/corina-roth.de\/wp-content\/uploads\/2020\/06\/20200528_203058-021-700x338.jpeg 700w, https:\/\/corina-roth.de\/wp-content\/uploads\/2020\/06\/20200528_203058-021-2000x965.jpeg 2000w, https:\/\/corina-roth.de\/wp-content\/uploads\/2020\/06\/20200528_203058-021-829x400.jpeg 829w\" sizes=\"(max-width: 1024px) 100vw, 1024px\" \/><\/figure>\n\n\n\n<p>Oft\nist es gar nicht so leicht ein sinnvolles Geschenk zu finden. \n<\/p>\n\n\n\n<p>Eine\nTour mitten in der wundersch\u00f6nen Natur der Alpen tut der Seele gut\nund hinterl\u00e4sst keinen materiellen Ballast. \n<\/p>\n\n\n\n<p>Auch das Klettern ist eine besondere Erfahrung mit dem eigenen K\u00f6rper, ein bisschen an seine pers\u00f6nlichen Grenzen zu kommen, was wir heutzutage oft viel zu selten sp\u00fcren.<\/p>\n\n\n\n<p>Also\nauf ins Abenteuer und viel Freude dabei!!!<\/p>\n\n\n\n<p>Den Gutschein erh\u00e4ltst Du unter: contact@corina-roth.de<\/p>\n\n\n\n<figure class=\"wp-block-image\"><img decoding=\"async\" loading=\"lazy\" width=\"800\" height=\"183\" src=\"http:\/\/corina-roth.de\/wp-content\/uploads\/2023\/01\/bsfvb-logo-800x183px-transp-2.png\" alt=\"\" class=\"wp-image-2941\" srcset=\"https:\/\/corina-roth.de\/wp-content\/uploads\/2023\/01\/bsfvb-logo-800x183px-transp-2.png 800w, https:\/\/corina-roth.de\/wp-content\/uploads\/2023\/01\/bsfvb-logo-800x183px-transp-2-300x69.png 300w, https:\/\/corina-roth.de\/wp-content\/uploads\/2023\/01\/bsfvb-logo-800x183px-transp-2-768x176.png 768w, https:\/\/corina-roth.de\/wp-content\/uploads\/2023\/01\/bsfvb-logo-800x183px-transp-2-700x160.png 700w\" sizes=\"(max-width: 800px) 100vw, 800px\" \/><\/figure>\n\n\n\n<p><\/p>\n","protected":false},"excerpt":{"rendered":"<p>\u2022 Kletterstunden finden zeitlich\/terminlich individuell nach Anfrage statt. Die Kursorte sind die Kletter- und Boulderhallen in Vorarlberg. \u2022 Halleneintritt, evtl. Leihausr\u00fcstung sind nicht im jeweiligen Projektbeitrag enthalten. \u2022 Alle Einheiten finden in Kleingruppen von 2 bis 4 Teilnehmern statt. So kann sehr gut auf jeden Einzelnen eingegangen werden. Sportklettern Teil 1 Sichern und Klettern im &hellip; <a href=\"https:\/\/corina-roth.de\/?page_id=49\" class=\"more-link\"><span class=\"screen-reader-text\">Klettern<\/span> weiterlesen <span class=\"meta-nav\">&rarr;<\/span><\/a><\/p>\n","protected":false},"author":1,"featured_media":185,"parent":0,"menu_order":0,"comment_status":"closed","ping_status":"closed","template":"","meta":[],"_links":{"self":[{"href":"https:\/\/corina-roth.de\/index.php?rest_route=\/wp\/v2\/pages\/49"}],"collection":[{"href":"https:\/\/corina-roth.de\/index.php?rest_route=\/wp\/v2\/pages"}],"about":[{"href":"https:\/\/corina-roth.de\/index.php?rest_route=\/wp\/v2\/types\/page"}],"author":[{"embeddable":true,"href":"https:\/\/corina-roth.de\/index.php?rest_route=\/wp\/v2\/users\/1"}],"replies":[{"embeddable":true,"href":"https:\/\/corina-roth.de\/index.php?rest_route=%2Fwp%2Fv2%2Fcomments&post=49"}],"version-history":[{"count":49,"href":"https:\/\/corina-roth.de\/index.php?rest_route=\/wp\/v2\/pages\/49\/revisions"}],"predecessor-version":[{"id":3122,"href":"https:\/\/corina-roth.de\/index.php?rest_route=\/wp\/v2\/pages\/49\/revisions\/3122"}],"wp:featuredmedia":[{"embeddable":true,"href":"https:\/\/corina-roth.de\/index.php?rest_route=\/wp\/v2\/media\/185"}],"wp:attachment":[{"href":"https:\/\/corina-roth.de\/index.php?rest_route=%2Fwp%2Fv2%2Fmedia&parent=49"}],"curies":[{"name":"wp","href":"https:\/\/api.w.org\/{rel}","templated":true}]}}