{"id":51,"date":"2019-03-13T22:00:37","date_gmt":"2019-03-13T22:00:37","guid":{"rendered":"http:\/\/corina-roth.de\/?page_id=51"},"modified":"2024-12-30T16:42:34","modified_gmt":"2024-12-30T16:42:34","slug":"bergwandern","status":"publish","type":"page","link":"https:\/\/corina-roth.de\/?page_id=51","title":{"rendered":"Bergwandern"},"content":{"rendered":"\n<p>Drau\u00dfen gl\u00fccklich sein, den Alltag hinter sich lassen und in weiten Bergwelten aufatmen, die Natur mit allen Sinnen sp\u00fcren. Die Freiheit in den Bergen verleiht Fl\u00fcgel.<br><\/p>\n\n\n\n<p class=\"has-light-green-cyan-color has-text-color\" style=\"font-size:19px\"> Am wichtigsten ist nicht das Ziel, sondern meine fr\u00f6hliche Reise dorthin.                                                                                                        <\/p>\n\n\n\n<p class=\"has-text-align-right has-light-green-cyan-color has-text-color\">-Abraham-<\/p>\n\n\n<div class=\"wp-block-image\">\n<figure class=\"aligncenter\"><img decoding=\"async\" loading=\"lazy\" width=\"1024\" height=\"768\" src=\"http:\/\/corina-roth.de\/wp-content\/uploads\/2019\/03\/20180908_114040-1024x768.jpg\" alt=\"\" class=\"wp-image-179\" srcset=\"https:\/\/corina-roth.de\/wp-content\/uploads\/2019\/03\/20180908_114040-1024x768.jpg 1024w, https:\/\/corina-roth.de\/wp-content\/uploads\/2019\/03\/20180908_114040-300x225.jpg 300w, https:\/\/corina-roth.de\/wp-content\/uploads\/2019\/03\/20180908_114040-768x576.jpg 768w, https:\/\/corina-roth.de\/wp-content\/uploads\/2019\/03\/20180908_114040-700x525.jpg 700w, https:\/\/corina-roth.de\/wp-content\/uploads\/2019\/03\/20180908_114040-2000x1500.jpg 2000w, https:\/\/corina-roth.de\/wp-content\/uploads\/2019\/03\/20180908_114040-533x400.jpg 533w\" sizes=\"(max-width: 1024px) 100vw, 1024px\" \/><\/figure><\/div>\n\n\n<p><br><\/p>\n\n\n\n<p> <\/p>\n\n\n\n<p><\/p>\n\n\n\n<p>Bergwandern belebt die Sinne und ist Balsam f\u00fcr die Seele. Ich freue mich, mit Dir auf Tour zu gehen\u2026 <\/p>\n\n\n\n<figure class=\"is-layout-flex wp-block-gallery-1 wp-block-gallery aligncenter has-nested-images columns-default is-cropped\">\n<figure class=\"wp-block-image\"><img decoding=\"async\" loading=\"lazy\" width=\"1024\" height=\"576\" data-id=\"1085\"  src=\"https:\/\/corina-roth.de\/wp-content\/uploads\/2020\/10\/20200730_1716081-1024x576.jpg\" alt=\"\" class=\"wp-image-1085\" srcset=\"https:\/\/corina-roth.de\/wp-content\/uploads\/2020\/10\/20200730_1716081-1024x576.jpg 1024w, https:\/\/corina-roth.de\/wp-content\/uploads\/2020\/10\/20200730_1716081-300x169.jpg 300w, https:\/\/corina-roth.de\/wp-content\/uploads\/2020\/10\/20200730_1716081-768x432.jpg 768w, https:\/\/corina-roth.de\/wp-content\/uploads\/2020\/10\/20200730_1716081-700x394.jpg 700w, https:\/\/corina-roth.de\/wp-content\/uploads\/2020\/10\/20200730_1716081-2000x1125.jpg 2000w, https:\/\/corina-roth.de\/wp-content\/uploads\/2020\/10\/20200730_1716081-711x400.jpg 711w\" sizes=\"(max-width: 1024px) 100vw, 1024px\" \/><\/figure>\n<\/figure>\n\n\n\n<p>\u2022 Berg-Wanderungen finden zeitlich\/terminlich individuell nach Anfrage statt. Wir sind in den \u00f6sterreichischen Alpen in Tirol und Vorarlberg unterwegs.<\/p>\n\n\n\n<p class=\"has-light-green-cyan-color has-text-color has-medium-font-size\">Die folgenden Tourenvorschl\u00e4ge sind M\u00f6glichkeiten. Auf individuelle Wandertouren gehe ich jederzeit gerne ein. Gemeinsam finden wir die passende Tour f\u00fcr Dich. <\/p>\n\n\n<div class=\"wp-block-image\">\n<figure class=\"aligncenter is-resized\"><img decoding=\"async\" loading=\"lazy\" src=\"http:\/\/corina-roth.de\/wp-content\/uploads\/2020\/10\/20200821_1149111-1024x576.jpg\" alt=\"\" class=\"wp-image-1104\" width=\"363\" height=\"205\" srcset=\"https:\/\/corina-roth.de\/wp-content\/uploads\/2020\/10\/20200821_1149111-1024x576.jpg 1024w, https:\/\/corina-roth.de\/wp-content\/uploads\/2020\/10\/20200821_1149111-300x169.jpg 300w, https:\/\/corina-roth.de\/wp-content\/uploads\/2020\/10\/20200821_1149111-768x432.jpg 768w, https:\/\/corina-roth.de\/wp-content\/uploads\/2020\/10\/20200821_1149111-700x394.jpg 700w, https:\/\/corina-roth.de\/wp-content\/uploads\/2020\/10\/20200821_1149111-2000x1125.jpg 2000w, https:\/\/corina-roth.de\/wp-content\/uploads\/2020\/10\/20200821_1149111-711x400.jpg 711w\" sizes=\"(max-width: 363px) 100vw, 363px\" \/><\/figure><\/div>\n\n<div class=\"wp-block-image\">\n<figure class=\"aligncenter is-resized\"><img decoding=\"async\" loading=\"lazy\" src=\"http:\/\/corina-roth.de\/wp-content\/uploads\/2020\/10\/20200821_1252471-1024x576.jpg\" alt=\"\" class=\"wp-image-1094\" width=\"363\" height=\"204\" srcset=\"https:\/\/corina-roth.de\/wp-content\/uploads\/2020\/10\/20200821_1252471-1024x576.jpg 1024w, https:\/\/corina-roth.de\/wp-content\/uploads\/2020\/10\/20200821_1252471-300x169.jpg 300w, https:\/\/corina-roth.de\/wp-content\/uploads\/2020\/10\/20200821_1252471-768x432.jpg 768w, https:\/\/corina-roth.de\/wp-content\/uploads\/2020\/10\/20200821_1252471-700x394.jpg 700w, https:\/\/corina-roth.de\/wp-content\/uploads\/2020\/10\/20200821_1252471-2000x1125.jpg 2000w, https:\/\/corina-roth.de\/wp-content\/uploads\/2020\/10\/20200821_1252471-711x400.jpg 711w\" sizes=\"(max-width: 363px) 100vw, 363px\" \/><\/figure><\/div>\n\n<div class=\"wp-block-image\">\n<figure class=\"aligncenter is-resized\"><img decoding=\"async\" loading=\"lazy\" src=\"http:\/\/corina-roth.de\/wp-content\/uploads\/2020\/10\/20200821_1246331-1024x576.jpg\" alt=\"\" class=\"wp-image-1096\" width=\"364\" height=\"204\" srcset=\"https:\/\/corina-roth.de\/wp-content\/uploads\/2020\/10\/20200821_1246331-1024x576.jpg 1024w, https:\/\/corina-roth.de\/wp-content\/uploads\/2020\/10\/20200821_1246331-300x169.jpg 300w, https:\/\/corina-roth.de\/wp-content\/uploads\/2020\/10\/20200821_1246331-768x432.jpg 768w, https:\/\/corina-roth.de\/wp-content\/uploads\/2020\/10\/20200821_1246331-700x394.jpg 700w, https:\/\/corina-roth.de\/wp-content\/uploads\/2020\/10\/20200821_1246331-2000x1125.jpg 2000w, https:\/\/corina-roth.de\/wp-content\/uploads\/2020\/10\/20200821_1246331-711x400.jpg 711w\" sizes=\"(max-width: 364px) 100vw, 364px\" \/><\/figure><\/div>\n\n\n<p>Bewegung in den Bergen f\u00fcr den &#8222;ganzen Menschen&#8220;: K\u00f6rper, Geist und Seele werden angesprochen. Berge beeinflussen neben der sportlichen Aus\u00fcbung auch unsere Kreativit\u00e4t und beseelen unsere Gedanken. Als Bindeglieder von Himmel und Erde laden sie uns ein, \u00fcber den Sinn des Lebens nachzudenken oder sich spirituellen Fragen zu widmen. &#8211; Berge bringen uns vielseitig &#8222;in Bewegung&#8220;.<\/p>\n\n\n\n<p><\/p>\n\n\n\n<h2>Touren<\/h2>\n\n\n\n<h3> Weg der heimatlichen Naturverbindung &#8211; Mantel der Wildnis<\/h3>\n\n\n\n<p>Tagestour, mittelschwer, Trittsicherheit erforderlich<\/p>\n\n\n\n<p>2 bis 8 Teilnehmer\/innen<\/p>\n\n\n\n<p>Wir wandern in Vorarlberg an besonderen Orten der Kraft.<\/p>\n\n\n\n<p>Termine: von April bis November<\/p>\n\n\n\n<p>Beitrag:  40\u20ac pro Teilnehmer\/in <\/p>\n\n\n\n<p><\/p>\n\n\n\n<p>Bergwandern im Sinne der achtsamen Beheimatung in der Natur &#8211; eintauchen in die Sch\u00f6nheit der Natur, zur Ruhe kommen. Die Natur harmonisiert den Geist. Wir m\u00f6chten uns einschwingen in den Puls der Berge und der belebten Natur. An besonderen Pl\u00e4tzen halten wir inne. Musische Kl\u00e4nge, gemeinsames Singen, Geschichten, Achtsamkeits-\u00dcbungen begleiten uns. Wir tauchen ein in die Regenerationskraft der Berge. Natur-Verbindung geschieht. Wir werden zu H\u00fctern der Erde.<\/p>\n\n\n\n<figure class=\"wp-block-image size-large\"><img decoding=\"async\" loading=\"lazy\" width=\"1024\" height=\"576\" src=\"http:\/\/corina-roth.de\/wp-content\/uploads\/2020\/10\/20200812_1152481-1024x576.jpg\" alt=\"\" class=\"wp-image-1101\" srcset=\"https:\/\/corina-roth.de\/wp-content\/uploads\/2020\/10\/20200812_1152481-1024x576.jpg 1024w, https:\/\/corina-roth.de\/wp-content\/uploads\/2020\/10\/20200812_1152481-300x169.jpg 300w, https:\/\/corina-roth.de\/wp-content\/uploads\/2020\/10\/20200812_1152481-768x432.jpg 768w, https:\/\/corina-roth.de\/wp-content\/uploads\/2020\/10\/20200812_1152481-700x394.jpg 700w, https:\/\/corina-roth.de\/wp-content\/uploads\/2020\/10\/20200812_1152481-2000x1125.jpg 2000w, https:\/\/corina-roth.de\/wp-content\/uploads\/2020\/10\/20200812_1152481-711x400.jpg 711w\" sizes=\"(max-width: 1024px) 100vw, 1024px\" \/><\/figure>\n\n\n\n<h3> Vom Wert des Wenigen &#8211; eine Bergtour zu Dir selbst<\/h3>\n\n\n\n<p>Tagestour, mittelschwer, Trittsicherheit erforderlich<\/p>\n\n\n\n<p>2 bis 8 Teilnehmer\/innen<\/p>\n\n\n\n<p>Wir wandern in der sch\u00f6nen tiroler und vorarlberger Bergwelt.<\/p>\n\n\n\n<p>Termine: von April bis November<\/p>\n\n\n\n<p>Beitrag: 40\u20ac pro Teilnehmer\/in<\/p>\n\n\n\n<p>Im Einfachen das Wunder-volle zu sehen, er\u00f6ffnet uns einen Reichtum, der uns nachhaltig erf\u00fcllt. Bei dieser Wanderung setzen wir den Schwerpunkt auf die feinen kleinen Dinge am Wegesrand und erhalten dadurch die R\u00fcckverbindung zu uns selbst. In der ann\u00e4hernd noch unber\u00fchrten Natur der Alpen schwingen wir uns auf die Sch\u00e4tze der heilen Einfachheit ein. Kleine Begebenheiten werden zu gro\u00dfen Sch\u00e4tzen und innere Zufriedenheit darf ankommen. <\/p>\n\n\n\n<p><\/p>\n\n\n\n<h3> Sonnenaufgangstour <\/h3>\n\n\n\n<p>1-2 Tage, gute Kondition und Trittsicherheit erforderlich<\/p>\n\n\n\n<p>2 bis 6 Teilnehmer\/innen<\/p>\n\n\n\n<p>Termine: von Juni bis Oktober<\/p>\n\n\n\n<p>Beitrag: 40-80\u20ac pro Teilnehmer\/in<\/p>\n\n\n\n<p>(evtl. Zusatzkosten: Anreise, Unterkunft und Verpflegung auf der H\u00fctte)<\/p>\n\n\n\n<p class=\"has-light-green-cyan-color has-text-color\" style=\"font-size:17px\">Tag 1: Anstieg zur H\u00fctte<\/p>\n\n\n\n<p class=\"has-cyan-bluish-gray-color has-text-color\">Wir starten am Wanderparkplatz und wandern gemeinsam zur Bergh\u00fctte, wo wir \u00fcbernachten. <\/p>\n\n\n\n<p class=\"has-light-green-cyan-color has-text-color\">Tag 2: Sonnenaufgang am Gipfel und Talabstieg<\/p>\n\n\n\n<p class=\"has-cyan-bluish-gray-color has-text-color\">Nun hei\u00dft es fr\u00fch aufstehn, um zum Sonnenaufgang am Berges-Gipfel zu sein. Hier erfahren wir den Aufgang und den wunderbar magischen Lauf der Sonne. Nach diesem besonderen Moment und der Aussicht auf die erwachte umliegende Bergwelt, setzen wir unsere Tour fort, sodass wir am Abend rechtzeitig wieder im Tal sind.   <\/p>\n\n\n\n<p>\u2022 Bei kleineren Touren treffen wir uns fr\u00fch morgens und steigen in der Dunkelheit zum Gipfel auf. So kann der Sonnenaufgang auch als Eintagestour erlebt werden.<\/p>\n\n\n\n<p><\/p>\n\n\n\n<h3>Berg-Waldweihnacht<\/h3>\n\n\n\n<p>Es ist Advent. Um der 21. Dezember zur Wintersonnenwende findet die Berg-Waldweihnacht statt. Es ist eine Themen-Bergwanderung, welche einl\u00e4dt einzutauchen in die adventliche Zeitqualit\u00e4t der Natur. Von Zeit zu Zeit halten wir inne und an jeder Station bewegen wir Themenpunkte zur Wintersonnenwende in Verbundenheit zur uns umgebenden Bergwelt. <\/p>\n\n\n\n<p>Zeit: im Dezember, Tagestour<\/p>\n\n\n\n<p>2-6 Teilnehmer\/innen<\/p>\n\n\n\n<p>Beitrag: 20\u20ac pro Teilnehmer\/in<\/p>\n\n\n\n<p>Anmeldung unter: contact@corina-roth.de<\/p>\n\n\n\n<h2>Geschenkgutschein<\/h2>\n\n\n\n<p>F\u00fcr einen Kletterkurs oder eine gef\u00fchrte Bergtour.<\/p>\n\n\n\n<figure class=\"wp-block-image\"><img decoding=\"async\" loading=\"lazy\" width=\"1024\" height=\"494\" src=\"http:\/\/corina-roth.de\/wp-content\/uploads\/2020\/06\/20200528_203058-021-1024x494.jpeg\" alt=\"\" class=\"wp-image-360\" srcset=\"https:\/\/corina-roth.de\/wp-content\/uploads\/2020\/06\/20200528_203058-021-1024x494.jpeg 1024w, https:\/\/corina-roth.de\/wp-content\/uploads\/2020\/06\/20200528_203058-021-300x145.jpeg 300w, https:\/\/corina-roth.de\/wp-content\/uploads\/2020\/06\/20200528_203058-021-768x370.jpeg 768w, https:\/\/corina-roth.de\/wp-content\/uploads\/2020\/06\/20200528_203058-021-700x338.jpeg 700w, https:\/\/corina-roth.de\/wp-content\/uploads\/2020\/06\/20200528_203058-021-2000x965.jpeg 2000w, https:\/\/corina-roth.de\/wp-content\/uploads\/2020\/06\/20200528_203058-021-829x400.jpeg 829w\" sizes=\"(max-width: 1024px) 100vw, 1024px\" \/><\/figure>\n\n\n\n<p>Oft\nist es gar nicht so leicht ein sinnvolles Geschenk zu finden. \n<\/p>\n\n\n\n<p>Eine\nTour mitten in der wundersch\u00f6nen Natur der Alpen tut der Seele gut\nund hinterl\u00e4sst keinen materiellen Ballast. \n<\/p>\n\n\n\n<p>Auch das Klettern ist eine besondere Erfahrung mit dem eigenen K\u00f6rper, ein bisschen an seine pers\u00f6nlichen Grenzen zu kommen, was wir heutzutage oft viel zu selten sp\u00fcren.<\/p>\n\n\n\n<p>Also\nauf ins Abenteuer und viel Freude dabei!!!<\/p>\n\n\n\n<p>Den Gutschein erh\u00e4ltst Du unter: contact@corina-roth.de<\/p>\n\n\n<p><!--EndFragment--><\/p>\n<p><\/p>\n\n<div class=\"wp-block-image\">\n<figure class=\"aligncenter is-resized\"><img decoding=\"async\" loading=\"lazy\" src=\"http:\/\/corina-roth.de\/wp-content\/uploads\/2023\/01\/bergwanderfuehrer_logo_Faszination_Bergerleben_Wanderfuehrer_Tirol-5.png\" alt=\"\" class=\"wp-image-2966\" width=\"120\" height=\"142\"\/><\/figure><\/div>\n\n\n<figure class=\"wp-block-image\"><img decoding=\"async\" loading=\"lazy\" width=\"800\" height=\"183\" src=\"http:\/\/corina-roth.de\/wp-content\/uploads\/2023\/01\/bsfvb-logo-800x183px-transp.png\" alt=\"\" class=\"wp-image-2935\" srcset=\"https:\/\/corina-roth.de\/wp-content\/uploads\/2023\/01\/bsfvb-logo-800x183px-transp.png 800w, https:\/\/corina-roth.de\/wp-content\/uploads\/2023\/01\/bsfvb-logo-800x183px-transp-300x69.png 300w, https:\/\/corina-roth.de\/wp-content\/uploads\/2023\/01\/bsfvb-logo-800x183px-transp-768x176.png 768w, https:\/\/corina-roth.de\/wp-content\/uploads\/2023\/01\/bsfvb-logo-800x183px-transp-700x160.png 700w\" sizes=\"(max-width: 800px) 100vw, 800px\" \/><\/figure>\n","protected":false},"excerpt":{"rendered":"<p>Drau\u00dfen gl\u00fccklich sein, den Alltag hinter sich lassen und in weiten Bergwelten aufatmen, die Natur mit allen Sinnen sp\u00fcren. Die Freiheit in den Bergen verleiht Fl\u00fcgel. Am wichtigsten ist nicht das Ziel, sondern meine fr\u00f6hliche Reise dorthin. -Abraham- Bergwandern belebt die Sinne und ist Balsam f\u00fcr die Seele. Ich freue mich, mit Dir auf Tour &hellip; <a href=\"https:\/\/corina-roth.de\/?page_id=51\" class=\"more-link\"><span class=\"screen-reader-text\">Bergwandern<\/span> weiterlesen <span class=\"meta-nav\">&rarr;<\/span><\/a><\/p>\n","protected":false},"author":1,"featured_media":189,"parent":0,"menu_order":0,"comment_status":"closed","ping_status":"closed","template":"","meta":[],"_links":{"self":[{"href":"https:\/\/corina-roth.de\/index.php?rest_route=\/wp\/v2\/pages\/51"}],"collection":[{"href":"https:\/\/corina-roth.de\/index.php?rest_route=\/wp\/v2\/pages"}],"about":[{"href":"https:\/\/corina-roth.de\/index.php?rest_route=\/wp\/v2\/types\/page"}],"author":[{"embeddable":true,"href":"https:\/\/corina-roth.de\/index.php?rest_route=\/wp\/v2\/users\/1"}],"replies":[{"embeddable":true,"href":"https:\/\/corina-roth.de\/index.php?rest_route=%2Fwp%2Fv2%2Fcomments&post=51"}],"version-history":[{"count":96,"href":"https:\/\/corina-roth.de\/index.php?rest_route=\/wp\/v2\/pages\/51\/revisions"}],"predecessor-version":[{"id":3206,"href":"https:\/\/corina-roth.de\/index.php?rest_route=\/wp\/v2\/pages\/51\/revisions\/3206"}],"wp:featuredmedia":[{"embeddable":true,"href":"https:\/\/corina-roth.de\/index.php?rest_route=\/wp\/v2\/media\/189"}],"wp:attachment":[{"href":"https:\/\/corina-roth.de\/index.php?rest_route=%2Fwp%2Fv2%2Fmedia&parent=51"}],"curies":[{"name":"wp","href":"https:\/\/api.w.org\/{rel}","templated":true}]}}